{"id":1257,"date":"2019-08-08T11:35:09","date_gmt":"2019-08-08T11:35:09","guid":{"rendered":"http:\/\/wizors.ancorathemes.com\/?page_id=1257"},"modified":"2024-10-17T10:56:56","modified_gmt":"2024-10-17T10:56:56","slug":"area-client","status":"publish","type":"page","link":"https:\/\/www.asigest.com\/es\/area-client\/","title":{"rendered":"Area Cliente"},"content":{"rendered":"<section class=\"wpb-content-wrapper\"><div data-vc-full-width=\"true\" data-vc-full-width-init=\"false\" class=\"vc_row wpb_row vc_row-fluid vc_custom_1602080147656 vc_row-has-fill\"><div class=\"wpb_column vc_column_container vc_col-sm-12 sc_layouts_column_icons_position_left\"><div class=\"vc_column-inner\"><div class=\"wpb_wrapper\">\n\t\t\t<!-- START 9 Area Client REVOLUTION SLIDER 6.6.8 --><p class=\"rs-p-wp-fix\"><\/p>\n\t\t\t<rs-module-wrap id=\"rev_slider_9_1_wrapper\" data-source=\"gallery\" style=\"visibility:hidden;background:transparent;padding:0;margin:0px auto;margin-top:0;margin-bottom:0;\">\n\t\t\t\t<rs-module id=\"rev_slider_9_1\" style=\"\" data-version=\"6.6.8\">\n\t\t\t\t\t<rs-slides style=\"overflow: hidden; position: absolute;\">\n\t\t\t\t\t\t<rs-slide style=\"position: absolute;\" data-key=\"rs-17\" data-title=\"Slide\" data-anim=\"ms:1000;r:0;\" data-in=\"o:0;\" data-out=\"a:false;\">\n\t\t\t\t\t\t\t<img decoding=\"async\" src=\"\/\/www.asigest.com\/wp-content\/plugins\/revslider\/public\/assets\/assets\/dummy.png\" alt=\"Slide\" title=\"Area Cliente\" class=\"rev-slidebg tp-rs-img rs-lazyload\" data-lazyload=\"\/\/www.asigest.com\/wp-content\/plugins\/revslider\/public\/assets\/assets\/transparent.png\" data-no-retina>\n<!--\n\t\t\t\t\t\t\t--><rs-layer\n\t\t\t\t\t\t\t\tid=\"slider-9-slide-17-layer-1\" \n\t\t\t\t\t\t\t\tdata-type=\"shape\"\n\t\t\t\t\t\t\t\tdata-rsp_ch=\"on\"\n\t\t\t\t\t\t\t\tdata-xy=\"x:-1px;y:-2px;\"\n\t\t\t\t\t\t\t\tdata-text=\"w:normal;ls:0px;\"\n\t\t\t\t\t\t\t\tdata-dim=\"w:1927px;h:726px;\"\n\t\t\t\t\t\t\t\tdata-frame_999=\"o:0;st:w;\"\n\t\t\t\t\t\t\t\tstyle=\"z-index:10;background-color:rgba(0,0,0,0.35);\"\n\t\t\t\t\t\t\t> \n\t\t\t\t\t\t\t<\/rs-layer><!--\n\n\t\t\t\t\t\t\t--><rs-layer\n\t\t\t\t\t\t\t\tid=\"slider-9-slide-17-layer-4\" \n\t\t\t\t\t\t\t\tdata-type=\"text\"\n\t\t\t\t\t\t\t\tdata-color=\"#ffffff\"\n\t\t\t\t\t\t\t\tdata-rsp_ch=\"on\"\n\t\t\t\t\t\t\t\tdata-xy=\"x:503px;y:206px;\"\n\t\t\t\t\t\t\t\tdata-text=\"w:normal;s:60;l:60;ls:3px;fw:500;\"\n\t\t\t\t\t\t\t\tdata-dim=\"w:501px;h:120px;minh:0px;\"\n\t\t\t\t\t\t\t\tdata-frame_999=\"o:0;st:w;\"\n\t\t\t\t\t\t\t\tstyle=\"z-index:11;font-family:'Montserrat';\"\n\t\t\t\t\t\t\t>AREA CLIENTE \n\t\t\t\t\t\t\t<\/rs-layer><!--\n\n\t\t\t\t\t\t\t--><rs-layer\n\t\t\t\t\t\t\t\tid=\"slider-9-slide-17-layer-5\" \n\t\t\t\t\t\t\t\tdata-type=\"shape\"\n\t\t\t\t\t\t\t\tdata-rsp_ch=\"on\"\n\t\t\t\t\t\t\t\tdata-xy=\"x:486px;y:201px;\"\n\t\t\t\t\t\t\t\tdata-text=\"w:normal;\"\n\t\t\t\t\t\t\t\tdata-dim=\"w:10px;h:105px;\"\n\t\t\t\t\t\t\t\tdata-frame_999=\"o:0;st:w;\"\n\t\t\t\t\t\t\t\tstyle=\"z-index:12;background-color:#ff3a2d;\"\n\t\t\t\t\t\t\t> \n\t\t\t\t\t\t\t<\/rs-layer><!--\n\n\t\t\t\t\t\t\t--><rs-layer\n\t\t\t\t\t\t\t\tid=\"slider-9-slide-17-layer-6\" \n\t\t\t\t\t\t\t\tdata-type=\"image\"\n\t\t\t\t\t\t\t\tdata-rsp_ch=\"on\"\n\t\t\t\t\t\t\t\tdata-xy=\"y:c;\"\n\t\t\t\t\t\t\t\tdata-text=\"w:normal;\"\n\t\t\t\t\t\t\t\tdata-dim=\"w:100%;h:100%;\"\n\t\t\t\t\t\t\t\tdata-frame_999=\"o:0;st:w;\"\n\t\t\t\t\t\t\t\tstyle=\"z-index:9;\"\n\t\t\t\t\t\t\t><img decoding=\"async\" src=\"\/\/www.asigest.com\/wp-content\/plugins\/revslider\/public\/assets\/assets\/dummy.png\" alt=\"\" class=\"tp-rs-img rs-lazyload\" width=\"2560\" height=\"1709\" data-lazyload=\"\/\/www.asigest.com\/wp-content\/uploads\/2020\/08\/20474-1-scaled.jpg\" data-c=\"cover-proportional\" data-no-retina> \n\t\t\t\t\t\t\t<\/rs-layer><!--\n-->\t\t\t\t\t\t<\/rs-slide>\n\t\t\t\t\t<\/rs-slides>\n\t\t\t\t<\/rs-module>\n\t\t\t\t<script>\n\t\t\t\t\tsetREVStartSize({c: 'rev_slider_9_1',rl:[1240,1024,778,480],el:[400],gw:[1920],gh:[400],type:'hero',justify:'',layout:'fullwidth',mh:\"0\"});if (window.RS_MODULES!==undefined && window.RS_MODULES.modules!==undefined && window.RS_MODULES.modules[\"revslider91\"]!==undefined) {window.RS_MODULES.modules[\"revslider91\"].once = false;window.revapi9 = undefined;if (window.RS_MODULES.checkMinimal!==undefined) window.RS_MODULES.checkMinimal()}\n\t\t\t\t<\/script>\n\t\t\t<\/rs-module-wrap>\n\t\t\t<!-- END REVOLUTION SLIDER -->\n<div class=\"vc_empty_space\"   style=\"height: 8.12rem\"><span class=\"vc_empty_space_inner\"><\/span><\/div><\/div><\/div><\/div><\/div><div class=\"vc_row-full-width vc_clearfix\"><\/div><div data-vc-full-width=\"true\" data-vc-full-width-init=\"false\" class=\"vc_row wpb_row vc_row-fluid vc_custom_1602078978187 vc_row-has-fill\"><div class=\"wpb_column vc_column_container vc_col-sm-12 sc_layouts_column_icons_position_left\"><div class=\"vc_column-inner\"><div class=\"wpb_wrapper\">\n\t<div class=\"wpb_text_column wpb_content_element\" >\n\t\t<div class=\"wpb_wrapper\">\n\t\t\t<h2 style=\"text-align: center;\">Bienvenidos Clientes,<\/h2>\n<p>Nuestra prioridad es dar las mejores herramientas posibles a nuestros clientes, a fin de aumentar la capacidad y el rendimiento empresarial, reducir los tiempos de gesti\u00f3n y proporcionar la mejor experiencia. Por todo ello, siempre queremos estar al frente de la vanguardia tecnol\u00f3gica y en la formaci\u00f3n profesional.<\/p>\n\n\t\t<\/div>\n\t<\/div>\n<\/div><\/div><\/div><\/div><div class=\"vc_row-full-width vc_clearfix\"><\/div><div data-vc-full-width=\"true\" data-vc-full-width-init=\"false\" class=\"vc_row wpb_row vc_row-fluid vc_custom_1602078997056 vc_row-has-fill\"><div class=\"wpb_column vc_column_container vc_col-sm-2 sc_layouts_column_icons_position_left\"><div class=\"vc_column-inner\"><div class=\"wpb_wrapper\"><\/div><\/div><\/div><div class=\"wpb_column vc_column_container vc_col-sm-4 sc_layouts_column_icons_position_left\"><div class=\"vc_column-inner\"><div class=\"wpb_wrapper\"><div class=\"vc_empty_space  height_medium hide_on_mobile\"   style=\"height: 0px\"><span class=\"vc_empty_space_inner\"><\/span><\/div><div class=\"vc_empty_space\"   style=\"height: 50px\"><span class=\"vc_empty_space_inner\"><\/span><\/div><div  id=\"sc_price_629333776\" \n\tclass=\"sc_price sc_price_default\"><div class=\"sc_price_info\"><div class=\"sc_price_subtitle\">Portal<\/div><div class=\"sc_price_title\"><a href=\"https:\/\/asigest.clientes.suasorcloud.es\/\">Cliente<\/a><\/div><div class=\"sc_price_price\">Empresas y Aut\u00f3nomos<\/div><a href=\"https:\/\/asigest.clientes.suasorcloud.es\/\" class=\"sc_price_link\">Acceder<\/a><\/div>\n<\/div><\/div><\/div><\/div><div class=\"wpb_column vc_column_container vc_col-sm-4 sc_layouts_column_icons_position_left\"><div class=\"vc_column-inner\"><div class=\"wpb_wrapper\"><div class=\"vc_empty_space  height_medium hide_on_mobile\"   style=\"height: 0px\"><span class=\"vc_empty_space_inner\"><\/span><\/div><div class=\"vc_empty_space\"   style=\"height: 50px\"><span class=\"vc_empty_space_inner\"><\/span><\/div><div  id=\"sc_price_1436170326\" \n\tclass=\"sc_price sc_price_default\"><div class=\"sc_price_info\"><div class=\"sc_price_subtitle\">Portal<\/div><div class=\"sc_price_title\"><a href=\"https:\/\/asigest.documentos.suasorcloud.es\/\">Documental<\/a><\/div><div class=\"sc_price_price\">Trabajadores y Documentaci\u00f3n<\/div><a href=\"https:\/\/asigest.documentos.suasorcloud.es\/\" class=\"sc_price_link\">Acceder<\/a><\/div>\n<\/div><\/div><\/div><\/div><div class=\"wpb_column vc_column_container vc_col-sm-2 sc_layouts_column_icons_position_left\"><div class=\"vc_column-inner\"><div class=\"wpb_wrapper\"><\/div><\/div><\/div><\/div><div class=\"vc_row-full-width vc_clearfix\"><\/div><div data-vc-full-width=\"true\" data-vc-full-width-init=\"false\" class=\"vc_row wpb_row vc_row-fluid vc_custom_1602079057616 vc_row-has-fill\"><div class=\"wpb_column vc_column_container vc_col-sm-2 sc_layouts_column_icons_position_left\"><div class=\"vc_column-inner\"><div class=\"wpb_wrapper\"><\/div><\/div><\/div><div class=\"wpb_column vc_column_container vc_col-sm-4 sc_layouts_column_icons_position_left\"><div class=\"vc_column-inner\"><div class=\"wpb_wrapper\"><div class=\"vc_empty_space  height_medium hide_on_mobile\"   style=\"height: 0px\"><span class=\"vc_empty_space_inner\"><\/span><\/div><div class=\"vc_empty_space\"   style=\"height: 50px\"><span class=\"vc_empty_space_inner\"><\/span><\/div><div  id=\"sc_price_1485914271\" \n\tclass=\"sc_price sc_price_default\"><div class=\"sc_price_info\"><div class=\"sc_price_subtitle\">Portal<\/div><div class=\"sc_price_title\"><a href=\"https:\/\/asigest.tencloud.es\/\">Facturaci\u00f3 i Comptabilitat<\/a><\/div><div class=\"sc_price_price\">Gesti\u00f3 Administrativa<\/div><a href=\"https:\/\/asigest.tencloud.es\/\" class=\"sc_price_link\">Acceder<\/a><\/div>\n<\/div><\/div><\/div><\/div><div class=\"wpb_column vc_column_container vc_col-sm-4 sc_layouts_column_icons_position_left\"><div class=\"vc_column-inner\"><div class=\"wpb_wrapper\"><div class=\"vc_empty_space  height_medium hide_on_mobile\"   style=\"height: 0px\"><span class=\"vc_empty_space_inner\"><\/span><\/div><div class=\"vc_empty_space\"   style=\"height: 50px\"><span class=\"vc_empty_space_inner\"><\/span><\/div><div  id=\"sc_price_1341659703\" \n\tclass=\"sc_price sc_price_default\"><div class=\"sc_price_info\"><div class=\"sc_price_subtitle\">Portal<\/div><div class=\"sc_price_title\"><a href=\"http:\/\/www.asigestsegur.com\">Seguros<\/a><\/div><div class=\"sc_price_price\">Area Seguros<\/div><a href=\"http:\/\/www.asigestsegur.com\" class=\"sc_price_link\">Acceder<\/a><\/div>\n<\/div><\/div><\/div><\/div><div class=\"wpb_column vc_column_container vc_col-sm-2 sc_layouts_column_icons_position_left\"><div class=\"vc_column-inner\"><div class=\"wpb_wrapper\"><\/div><\/div><\/div><\/div><div class=\"vc_row-full-width vc_clearfix\"><\/div><div data-vc-full-width=\"true\" data-vc-full-width-init=\"false\" class=\"vc_row wpb_row vc_row-fluid vc_custom_1602079057616 vc_row-has-fill\"><div class=\"wpb_column vc_column_container vc_col-sm-2 sc_layouts_column_icons_position_left\"><div class=\"vc_column-inner\"><div class=\"wpb_wrapper\"><\/div><\/div><\/div><div class=\"wpb_column vc_column_container vc_col-sm-8 sc_layouts_column_icons_position_left\"><div class=\"vc_column-inner\"><div class=\"wpb_wrapper\"><div class=\"vc_empty_space  height_medium hide_on_mobile\"   style=\"height: 0px\"><span class=\"vc_empty_space_inner\"><\/span><\/div><div class=\"vc_empty_space\"   style=\"height: 50px\"><span class=\"vc_empty_space_inner\"><\/span><\/div><\/div><\/div><\/div><div class=\"wpb_column vc_column_container vc_col-sm-2 sc_layouts_column_icons_position_left\"><div class=\"vc_column-inner\"><div class=\"wpb_wrapper\"><\/div><\/div><\/div><\/div><div class=\"vc_row-full-width vc_clearfix\"><\/div><div data-vc-full-width=\"true\" data-vc-full-width-init=\"false\" class=\"vc_row wpb_row vc_row-fluid vc_custom_1602079069456 vc_row-has-fill\"><div class=\"wpb_column vc_column_container vc_col-sm-12 sc_layouts_column_icons_position_left\"><div class=\"vc_column-inner\"><div class=\"wpb_wrapper\"><div class=\"vc_separator wpb_content_element vc_separator_align_center vc_sep_width_100 vc_sep_pos_align_center vc_separator_no_text vc_sep_color_grey\" ><span class=\"vc_sep_holder vc_sep_holder_l\"><span class=\"vc_sep_line\"><\/span><\/span><span class=\"vc_sep_holder vc_sep_holder_r\"><span class=\"vc_sep_line\"><\/span><\/span>\n<\/div><\/div><\/div><\/div><\/div><div class=\"vc_row-full-width vc_clearfix\"><\/div>\n<\/section>","protected":false},"excerpt":{"rendered":"\u00c0REA CLIENT Benvinguts Clients, La nostra prioritat es donar les millors eines possibles als nostres clients, per tal de augmentar la capacitat i el rendiment empresarial, reduir els temps de gesti\u00f3 i proporcionar la millor experi\u00e8ncia. Per tot aix\u00f2, sempre volem estar al capdavant de la Vanguardia tecnol\u00f2gica i en la formaci\u00f3 professional. PortalClientEmpreses i Aut\u00f2nomsAccedir PortalDocumentalTreballadors i Documentaci\u00f3Accedir PortalFacturaci\u00f3&hellip;","protected":false},"author":1,"featured_media":0,"parent":0,"menu_order":0,"comment_status":"closed","ping_status":"closed","template":"","meta":{"_acf_changed":false,"footnotes":""},"acf":[],"yoast_head":"<!-- This site is optimized with the Yoast SEO plugin v22.9 - https:\/\/yoast.com\/wordpress\/plugins\/seo\/ -->\n<title>\u00c0rea Client - ASIGEST - Assesorament i Gesti\u00f3 Empresarial<\/title>\n<meta name=\"robots\" content=\"index, follow, max-snippet:-1, max-image-preview:large, max-video-preview:-1\" \/>\n<link rel=\"canonical\" href=\"https:\/\/www.asigest.com\/es\/area-client\/\" \/>\n<meta property=\"og:locale\" content=\"es_ES\" \/>\n<meta property=\"og:type\" content=\"article\" \/>\n<meta property=\"og:title\" content=\"\u00c0rea Client - ASIGEST - Assesorament i Gesti\u00f3 Empresarial\" \/>\n<meta property=\"og:url\" content=\"https:\/\/www.asigest.com\/es\/area-client\/\" \/>\n<meta property=\"og:site_name\" content=\"ASIGEST - Assesorament i Gesti\u00f3 Empresarial\" \/>\n<meta property=\"article:modified_time\" content=\"2024-10-17T10:56:56+00:00\" \/>\n<meta name=\"twitter:card\" content=\"summary_large_image\" \/>\n<meta name=\"twitter:label1\" content=\"Tiempo de lectura\" \/>\n\t<meta name=\"twitter:data1\" content=\"1 minuto\" \/>\n<script type=\"application\/ld+json\" class=\"yoast-schema-graph\">{\"@context\":\"https:\/\/schema.org\",\"@graph\":[{\"@type\":\"WebPage\",\"@id\":\"https:\/\/www.asigest.com\/area-client\/\",\"url\":\"https:\/\/www.asigest.com\/area-client\/\",\"name\":\"\u00c0rea Client - ASIGEST - Assesorament i Gesti\u00f3 Empresarial\",\"isPartOf\":{\"@id\":\"https:\/\/www.asigest.com\/#website\"},\"datePublished\":\"2019-08-08T11:35:09+00:00\",\"dateModified\":\"2024-10-17T10:56:56+00:00\",\"breadcrumb\":{\"@id\":\"https:\/\/www.asigest.com\/area-client\/#breadcrumb\"},\"inLanguage\":\"es\",\"potentialAction\":[{\"@type\":\"ReadAction\",\"target\":[\"https:\/\/www.asigest.com\/area-client\/\"]}]},{\"@type\":\"BreadcrumbList\",\"@id\":\"https:\/\/www.asigest.com\/area-client\/#breadcrumb\",\"itemListElement\":[{\"@type\":\"ListItem\",\"position\":1,\"name\":\"Portada\",\"item\":\"https:\/\/www.asigest.com\/\"},{\"@type\":\"ListItem\",\"position\":2,\"name\":\"\u00c0rea Client\"}]},{\"@type\":\"WebSite\",\"@id\":\"https:\/\/www.asigest.com\/#website\",\"url\":\"https:\/\/www.asigest.com\/\",\"name\":\"ASIGEST - Assesorament i Gesti\u00f3 Empresarial\",\"description\":\"Especialistas en Laboral, Fiscal, Contabilidad, Jur\u00eddico, Mercantil, Protecci\u00f3n de datos y Seguros - \u260e  937 34 99 20 - \u00a1Cont\u00e1ctanos!\",\"publisher\":{\"@id\":\"https:\/\/www.asigest.com\/#organization\"},\"potentialAction\":[{\"@type\":\"SearchAction\",\"target\":{\"@type\":\"EntryPoint\",\"urlTemplate\":\"https:\/\/www.asigest.com\/?s={search_term_string}\"},\"query-input\":\"required name=search_term_string\"}],\"inLanguage\":\"es\"},{\"@type\":\"Organization\",\"@id\":\"https:\/\/www.asigest.com\/#organization\",\"name\":\"Asigest\",\"url\":\"https:\/\/www.asigest.com\/\",\"logo\":{\"@type\":\"ImageObject\",\"inLanguage\":\"es\",\"@id\":\"https:\/\/www.asigest.com\/#\/schema\/logo\/image\/\",\"url\":\"https:\/\/www.asigest.com\/wp-content\/uploads\/2020\/06\/FIRMA-GESTORIA-e1591338948806.jpg\",\"contentUrl\":\"https:\/\/www.asigest.com\/wp-content\/uploads\/2020\/06\/FIRMA-GESTORIA-e1591338948806.jpg\",\"width\":139,\"height\":149,\"caption\":\"Asigest\"},\"image\":{\"@id\":\"https:\/\/www.asigest.com\/#\/schema\/logo\/image\/\"}}]}<\/script>\n<!-- \/ Yoast SEO plugin. -->","yoast_head_json":{"title":"\u00c0rea Client - ASIGEST - Assesorament i Gesti\u00f3 Empresarial","robots":{"index":"index","follow":"follow","max-snippet":"max-snippet:-1","max-image-preview":"max-image-preview:large","max-video-preview":"max-video-preview:-1"},"canonical":"https:\/\/www.asigest.com\/es\/area-client\/","og_locale":"es_ES","og_type":"article","og_title":"\u00c0rea Client - ASIGEST - Assesorament i Gesti\u00f3 Empresarial","og_url":"https:\/\/www.asigest.com\/es\/area-client\/","og_site_name":"ASIGEST - Assesorament i Gesti\u00f3 Empresarial","article_modified_time":"2024-10-17T10:56:56+00:00","twitter_card":"summary_large_image","twitter_misc":{"Tiempo de lectura":"1 minuto"},"schema":{"@context":"https:\/\/schema.org","@graph":[{"@type":"WebPage","@id":"https:\/\/www.asigest.com\/area-client\/","url":"https:\/\/www.asigest.com\/area-client\/","name":"\u00c0rea Client - ASIGEST - Assesorament i Gesti\u00f3 Empresarial","isPartOf":{"@id":"https:\/\/www.asigest.com\/#website"},"datePublished":"2019-08-08T11:35:09+00:00","dateModified":"2024-10-17T10:56:56+00:00","breadcrumb":{"@id":"https:\/\/www.asigest.com\/area-client\/#breadcrumb"},"inLanguage":"es","potentialAction":[{"@type":"ReadAction","target":["https:\/\/www.asigest.com\/area-client\/"]}]},{"@type":"BreadcrumbList","@id":"https:\/\/www.asigest.com\/area-client\/#breadcrumb","itemListElement":[{"@type":"ListItem","position":1,"name":"Portada","item":"https:\/\/www.asigest.com\/"},{"@type":"ListItem","position":2,"name":"\u00c0rea Client"}]},{"@type":"WebSite","@id":"https:\/\/www.asigest.com\/#website","url":"https:\/\/www.asigest.com\/","name":"ASIGEST - Assesorament i Gesti\u00f3 Empresarial","description":"Especialistas en Laboral, Fiscal, Contabilidad, Jur\u00eddico, Mercantil, Protecci\u00f3n de datos y Seguros - \u260e  937 34 99 20 - \u00a1Cont\u00e1ctanos!","publisher":{"@id":"https:\/\/www.asigest.com\/#organization"},"potentialAction":[{"@type":"SearchAction","target":{"@type":"EntryPoint","urlTemplate":"https:\/\/www.asigest.com\/?s={search_term_string}"},"query-input":"required name=search_term_string"}],"inLanguage":"es"},{"@type":"Organization","@id":"https:\/\/www.asigest.com\/#organization","name":"Asigest","url":"https:\/\/www.asigest.com\/","logo":{"@type":"ImageObject","inLanguage":"es","@id":"https:\/\/www.asigest.com\/#\/schema\/logo\/image\/","url":"https:\/\/www.asigest.com\/wp-content\/uploads\/2020\/06\/FIRMA-GESTORIA-e1591338948806.jpg","contentUrl":"https:\/\/www.asigest.com\/wp-content\/uploads\/2020\/06\/FIRMA-GESTORIA-e1591338948806.jpg","width":139,"height":149,"caption":"Asigest"},"image":{"@id":"https:\/\/www.asigest.com\/#\/schema\/logo\/image\/"}}]}},"_links":{"self":[{"href":"https:\/\/www.asigest.com\/es\/wp-json\/wp\/v2\/pages\/1257"}],"collection":[{"href":"https:\/\/www.asigest.com\/es\/wp-json\/wp\/v2\/pages"}],"about":[{"href":"https:\/\/www.asigest.com\/es\/wp-json\/wp\/v2\/types\/page"}],"author":[{"embeddable":true,"href":"https:\/\/www.asigest.com\/es\/wp-json\/wp\/v2\/users\/1"}],"replies":[{"embeddable":true,"href":"https:\/\/www.asigest.com\/es\/wp-json\/wp\/v2\/comments?post=1257"}],"version-history":[{"count":10,"href":"https:\/\/www.asigest.com\/es\/wp-json\/wp\/v2\/pages\/1257\/revisions"}],"predecessor-version":[{"id":1898,"href":"https:\/\/www.asigest.com\/es\/wp-json\/wp\/v2\/pages\/1257\/revisions\/1898"}],"wp:attachment":[{"href":"https:\/\/www.asigest.com\/es\/wp-json\/wp\/v2\/media?parent=1257"}],"curies":[{"name":"wp","href":"https:\/\/api.w.org\/{rel}","templated":true}]}}