{"id":1527,"date":"2020-10-06T01:24:52","date_gmt":"2020-10-06T01:24:52","guid":{"rendered":"https:\/\/w.asigest.com\/?page_id=1527"},"modified":"2023-01-19T18:23:49","modified_gmt":"2023-01-19T18:23:49","slug":"departaments","status":"publish","type":"page","link":"https:\/\/www.asigest.com\/es\/departaments\/","title":{"rendered":"Departamentos"},"content":{"rendered":"<section class=\"wpb-content-wrapper\"><div class=\"vc_row wpb_row vc_row-fluid\"><div class=\"wpb_column vc_column_container vc_col-sm-12 sc_layouts_column_icons_position_left\"><div class=\"vc_column-inner\"><div class=\"wpb_wrapper\">\n\t\t\t<!-- START 12 Departaments REVOLUTION SLIDER 6.6.8 --><p class=\"rs-p-wp-fix\"><\/p>\n\t\t\t<rs-module-wrap id=\"rev_slider_12_1_wrapper\" data-source=\"gallery\" style=\"visibility:hidden;background:transparent;padding:0;margin:0px auto;margin-top:0;margin-bottom:0;\">\n\t\t\t\t<rs-module id=\"rev_slider_12_1\" style=\"\" data-version=\"6.6.8\">\n\t\t\t\t\t<rs-slides style=\"overflow: hidden; position: absolute;\">\n\t\t\t\t\t\t<rs-slide style=\"position: absolute;\" data-key=\"rs-20\" data-title=\"Slide\" data-anim=\"ms:1000;r:0;\" data-in=\"o:0;\" data-out=\"a:false;\">\n\t\t\t\t\t\t\t<img decoding=\"async\" src=\"\/\/www.asigest.com\/wp-content\/plugins\/revslider\/public\/assets\/assets\/dummy.png\" alt=\"Slide\" title=\"Teamwork\" width=\"2560\" height=\"1707\" class=\"rev-slidebg tp-rs-img rs-lazyload\" data-lazyload=\"\/\/www.asigest.com\/wp-content\/plugins\/revslider\/public\/assets\/assets\/transparent.png\" data-no-retina>\n<!--\n\t\t\t\t\t\t\t--><rs-layer\n\t\t\t\t\t\t\t\tid=\"slider-12-slide-20-layer-4\" \n\t\t\t\t\t\t\t\tdata-type=\"text\"\n\t\t\t\t\t\t\t\tdata-color=\"#ffffff\"\n\t\t\t\t\t\t\t\tdata-rsp_ch=\"on\"\n\t\t\t\t\t\t\t\tdata-xy=\"x:503px;y:206px;\"\n\t\t\t\t\t\t\t\tdata-text=\"w:normal;s:60;l:60;ls:3px;fw:500;\"\n\t\t\t\t\t\t\t\tdata-dim=\"w:608px;h:74px;minh:0px;\"\n\t\t\t\t\t\t\t\tdata-frame_999=\"o:0;st:w;\"\n\t\t\t\t\t\t\t\tstyle=\"z-index:10;font-family:'Montserrat';\"\n\t\t\t\t\t\t\t>DEPARTAMENTOS \n\t\t\t\t\t\t\t<\/rs-layer><!--\n\n\t\t\t\t\t\t\t--><rs-layer\n\t\t\t\t\t\t\t\tid=\"slider-12-slide-20-layer-5\" \n\t\t\t\t\t\t\t\tdata-type=\"shape\"\n\t\t\t\t\t\t\t\tdata-rsp_ch=\"on\"\n\t\t\t\t\t\t\t\tdata-xy=\"x:486px;y:201px;\"\n\t\t\t\t\t\t\t\tdata-text=\"w:normal;\"\n\t\t\t\t\t\t\t\tdata-dim=\"w:10px;h:105px;\"\n\t\t\t\t\t\t\t\tdata-frame_999=\"o:0;st:w;\"\n\t\t\t\t\t\t\t\tstyle=\"z-index:11;background-color:#ff3a2d;\"\n\t\t\t\t\t\t\t> \n\t\t\t\t\t\t\t<\/rs-layer><!--\n\n\t\t\t\t\t\t\t--><rs-layer\n\t\t\t\t\t\t\t\tid=\"slider-12-slide-20-layer-7\" \n\t\t\t\t\t\t\t\tdata-type=\"image\"\n\t\t\t\t\t\t\t\tdata-rsp_ch=\"on\"\n\t\t\t\t\t\t\t\tdata-xy=\"y:c;\"\n\t\t\t\t\t\t\t\tdata-text=\"w:normal;\"\n\t\t\t\t\t\t\t\tdata-dim=\"w:100%;h:100%;\"\n\t\t\t\t\t\t\t\tdata-frame_999=\"o:0;st:w;\"\n\t\t\t\t\t\t\t\tstyle=\"z-index:8;\"\n\t\t\t\t\t\t\t><img decoding=\"async\" src=\"\/\/www.asigest.com\/wp-content\/plugins\/revslider\/public\/assets\/assets\/dummy.png\" alt=\"\" class=\"tp-rs-img rs-lazyload\" width=\"2560\" height=\"1707\" data-lazyload=\"\/\/www.asigest.com\/wp-content\/uploads\/2020\/10\/O6X5CP0-scaled.jpg\" data-c=\"cover-proportional\" data-no-retina> \n\t\t\t\t\t\t\t<\/rs-layer><!--\n\n\t\t\t\t\t\t\t--><rs-layer\n\t\t\t\t\t\t\t\tid=\"slider-12-slide-20-layer-8\" \n\t\t\t\t\t\t\t\tdata-type=\"shape\"\n\t\t\t\t\t\t\t\tdata-rsp_ch=\"on\"\n\t\t\t\t\t\t\t\tdata-text=\"w:normal;\"\n\t\t\t\t\t\t\t\tdata-dim=\"w:100%;h:100%;\"\n\t\t\t\t\t\t\t\tdata-frame_999=\"o:0;st:w;\"\n\t\t\t\t\t\t\t\tstyle=\"z-index:9;background-color:rgba(0,0,0,0.28);\"\n\t\t\t\t\t\t\t> \n\t\t\t\t\t\t\t<\/rs-layer><!--\n-->\t\t\t\t\t\t<\/rs-slide>\n\t\t\t\t\t<\/rs-slides>\n\t\t\t\t<\/rs-module>\n\t\t\t\t<script>\n\t\t\t\t\tsetREVStartSize({c: 'rev_slider_12_1',rl:[1240,1024,778,480],el:[400],gw:[1920],gh:[400],type:'hero',justify:'',layout:'fullwidth',mh:\"0\"});if (window.RS_MODULES!==undefined && window.RS_MODULES.modules!==undefined && window.RS_MODULES.modules[\"revslider121\"]!==undefined) {window.RS_MODULES.modules[\"revslider121\"].once = false;window.revapi12 = undefined;if (window.RS_MODULES.checkMinimal!==undefined) window.RS_MODULES.checkMinimal()}\n\t\t\t\t<\/script>\n\t\t\t<\/rs-module-wrap>\n\t\t\t<!-- END REVOLUTION SLIDER -->\n<div class=\"vc_empty_space\"   style=\"height: 8.12rem\"><span class=\"vc_empty_space_inner\"><\/span><\/div><div class=\"vc_row wpb_row vc_inner vc_row-fluid\"><div class=\"wpb_column vc_column_container vc_col-sm-5 sc_layouts_column_icons_position_left\"><div class=\"vc_column-inner vc_custom_1484817310897\"><div class=\"wpb_wrapper\"><div id=\"sc_title_1374232368\"\r\n\t\tclass=\"sc_title sc_title_default\"><h6 class=\"sc_item_subtitle sc_title_subtitle sc_align_default sc_item_title_style_default\">Que podemos hacer por t\u00ed?<\/h6><h3 class=\"sc_item_title sc_title_title sc_align_default sc_item_title_style_default\">Nuestra Experiencia a Tu Servicio<\/h3><\/div><!-- \/.sc_title --><div class=\"vc_empty_space  vc_custom_1484817189204 height_medium\"   style=\"height: 32px\"><span class=\"vc_empty_space_inner\"><\/span><\/div>\n\t<div class=\"wpb_text_column wpb_content_element\" >\n\t\t<div class=\"wpb_wrapper\">\n\t\t\t<p>Con m\u00e1s de 25 a\u00f1os de experiencia, ejercicio profesional y buena reputaci\u00f3n, desde R3J Asigest asesoramos a nuestros clientes en un abanico muy amplio de tr\u00e1mites y gestiones, dando todo tipo de cobertura<\/p>\n<p>Nuestra misi\u00f3n se basa en ofrecer un servicio completo de m\u00e1xima calidad y que se adapte a las necesidades y conveniencias de nuestros clientes.<\/p>\n\n\t\t<\/div>\n\t<\/div>\n<div class=\"vc_empty_space  vc_custom_1484817189204 height_medium\"   style=\"height: 32px\"><span class=\"vc_empty_space_inner\"><\/span><\/div><div class=\"sc_item_button sc_button_wrap\"><a href=\"https:\/\/www.asigest.com\/es\/empresa\/\" id=\"sc_button_1143677859\" class=\"sc_button sc_button_dark_button sc_button_size_small sc_button_icon_left\"><span class=\"sc_button_text\"><span class=\"sc_button_title\">Leer m\u00e1s<\/span><\/span><!-- \/.sc_button_text --><\/a><!-- \/.sc_button --><\/div><!-- \/.sc_item_button --><\/div><\/div><\/div><div class=\"wpb_column vc_column_container vc_col-sm-6 sc_layouts_column_icons_position_left\"><div class=\"vc_column-inner vc_custom_1484818170855\"><div class=\"wpb_wrapper\">\n\t<div  class=\"wpb_single_image wpb_content_element vc_align_right\">\n\t\t\n\t\t<figure class=\"wpb_wrapper vc_figure\">\n\t\t\t<div class=\"vc_single_image-wrapper   vc_box_border_grey\"><img loading=\"lazy\" decoding=\"async\" width=\"2560\" height=\"1709\" src=\"https:\/\/www.asigest.com\/wp-content\/uploads\/2020\/08\/621220-PNUBNC-193-2-scaled.jpg\" class=\"vc_single_image-img attachment-full\" alt=\"\" title=\"621220-PNUBNC-193\" srcset=\"https:\/\/www.asigest.com\/wp-content\/uploads\/2020\/08\/621220-PNUBNC-193-2-scaled.jpg 2560w, https:\/\/www.asigest.com\/wp-content\/uploads\/2020\/08\/621220-PNUBNC-193-2-300x200.jpg 300w, https:\/\/www.asigest.com\/wp-content\/uploads\/2020\/08\/621220-PNUBNC-193-2-1024x683.jpg 1024w, https:\/\/www.asigest.com\/wp-content\/uploads\/2020\/08\/621220-PNUBNC-193-2-768x513.jpg 768w\" sizes=\"(max-width: 2560px) 100vw, 2560px\" \/><\/div>\n\t\t<\/figure>\n\t<\/div>\n<\/div><\/div><\/div><div class=\"wpb_column vc_column_container vc_col-sm-1 sc_layouts_column_icons_position_left\"><div class=\"vc_column-inner\"><div class=\"wpb_wrapper\"><\/div><\/div><\/div><\/div><\/div><\/div><\/div><\/div><div data-vc-full-width=\"true\" data-vc-full-width-init=\"false\" class=\"vc_row wpb_row vc_row-fluid\"><div class=\"wpb_column vc_column_container vc_col-sm-12 sc_layouts_column_icons_position_left\"><div class=\"vc_column-inner\"><div class=\"wpb_wrapper\"><div class=\"vc_empty_space  vc_custom_1485180818338 height_huge\"   style=\"height: 32px\"><span class=\"vc_empty_space_inner\"><\/span><\/div><div class=\"sc_services sc_services_default\" data-slides-per-view=\"2\" data-slides-min-width=\"200\"\t\t>\r\n\t\t<h6 class=\"sc_item_subtitle sc_services_subtitle sc_align_center sc_item_title_style_default\">\u00c1reas de Servicio<\/h6><h3 class=\"sc_item_title sc_services_title sc_align_center sc_item_title_style_default\">Departamentos Asigest<\/h3><div class=\"sc_services_columns sc_item_columns sc_item_columns_2 trx_addons_columns_wrap columns_padding_bottom\"><div class=\"trx_addons_column-1_2\"><div class=\"sc_services_item with_content with_icon sc_services_item_featured_left\">\n\t<a href=\"https:\/\/www.asigest.com\/es\/services\/departament-laboral\/\"\n\t\t\t id=\"sc_services_1454448107_icon-icon1\"\n\t\t\t class=\"sc_services_item_icon icon-icon1\"\n\t\t\t ><\/a>\t\n\t<div class=\"sc_services_item_info\">\n\t\t<div class=\"sc_services_item_header\">\n\t\t\t<h4 class=\"sc_services_item_title\"><a href=\"https:\/\/www.asigest.com\/es\/services\/departament-laboral\/\">Departamento Laboral<\/a><\/h4>\n\t\t\t<div class=\"sc_services_item_subtitle\"><a href=\"https:\/\/www.asigest.com\/es\/services_group\/departaments\/\" title=\"View all posts in Departaments\">Departamentos<\/a><\/div>\n\t\t<\/div>\n\t\t\t\t\t<div class=\"sc_services_item_content\"><p>El hecho de que constantemente est\u00e9n apareciendo nuevas normativas en el \u00e1mbito laboral hace necesaria la participaci\u00f3n de un equipo profesional y especializado. <\/p>\n<\/div>\n\t\t\t<div class=\"sc_services_item_button sc_item_button\"><a href=\"https:\/\/www.asigest.com\/es\/services\/departament-laboral\/\" class=\"sc_button\">More info<\/a><\/div>\n\t\t\t<\/div>\n<\/div>\n<\/div><div class=\"trx_addons_column-1_2\"><div class=\"sc_services_item with_content with_icon sc_services_item_featured_left\">\n\t<a href=\"https:\/\/www.asigest.com\/es\/services\/departament-fiscal\/\"\n\t\t\t id=\"sc_services_1454448107_icon-icon7\"\n\t\t\t class=\"sc_services_item_icon icon-icon7\"\n\t\t\t ><\/a>\t\n\t<div class=\"sc_services_item_info\">\n\t\t<div class=\"sc_services_item_header\">\n\t\t\t<h4 class=\"sc_services_item_title\"><a href=\"https:\/\/www.asigest.com\/es\/services\/departament-fiscal\/\">Departamento Fiscal<\/a><\/h4>\n\t\t\t<div class=\"sc_services_item_subtitle\"><a href=\"https:\/\/www.asigest.com\/es\/services_group\/departaments\/\" title=\"View all posts in Departaments\">Departamentos<\/a><\/div>\n\t\t<\/div>\n\t\t\t\t\t<div class=\"sc_services_item_content\"><p>Nuestro departamento fiscal gestiona d\u00eda a d\u00eda cualquier cuesti\u00f3n relacionada con su empresa o negocio, liquidando cada uno de los impuestos correspondiente a su situaci\u00f3n legal y r\u00e9gimen fiscal.<\/p>\n<\/div>\n\t\t\t<div class=\"sc_services_item_button sc_item_button\"><a href=\"https:\/\/www.asigest.com\/es\/services\/departament-fiscal\/\" class=\"sc_button\">More info<\/a><\/div>\n\t\t\t<\/div>\n<\/div>\n<\/div><div class=\"trx_addons_column-1_2\"><div class=\"sc_services_item with_content with_icon sc_services_item_featured_left\">\n\t<a href=\"https:\/\/www.asigest.com\/es\/services\/departament-mercantil\/\"\n\t\t\t id=\"sc_services_1454448107_icon-icon5\"\n\t\t\t class=\"sc_services_item_icon icon-icon5\"\n\t\t\t ><\/a>\t\n\t<div class=\"sc_services_item_info\">\n\t\t<div class=\"sc_services_item_header\">\n\t\t\t<h4 class=\"sc_services_item_title\"><a href=\"https:\/\/www.asigest.com\/es\/services\/departament-mercantil\/\">Departamento Mercantil<\/a><\/h4>\n\t\t\t<div class=\"sc_services_item_subtitle\"><a href=\"https:\/\/www.asigest.com\/es\/services_group\/departaments\/\" title=\"View all posts in Departaments\">Departamentos<\/a><\/div>\n\t\t<\/div>\n\t\t\t\t\t<div class=\"sc_services_item_content\"><p>El servicio de asesoramiento societario encarga de llevar a cabo todas las obligaciones, requisitos y formalidades a las que queda sujeta una Sociedad.<\/p>\n<\/div>\n\t\t\t<div class=\"sc_services_item_button sc_item_button\"><a href=\"https:\/\/www.asigest.com\/es\/services\/departament-mercantil\/\" class=\"sc_button\">More info<\/a><\/div>\n\t\t\t<\/div>\n<\/div>\n<\/div><div class=\"trx_addons_column-1_2\"><div class=\"sc_services_item with_content with_icon sc_services_item_featured_left\">\n\t<a href=\"https:\/\/www.asigest.com\/es\/services\/departament-comptabilitat\/\"\n\t\t\t id=\"sc_services_1454448107_icon-icon6\"\n\t\t\t class=\"sc_services_item_icon icon-icon6\"\n\t\t\t ><\/a>\t\n\t<div class=\"sc_services_item_info\">\n\t\t<div class=\"sc_services_item_header\">\n\t\t\t<h4 class=\"sc_services_item_title\"><a href=\"https:\/\/www.asigest.com\/es\/services\/departament-comptabilitat\/\">Departamento Contabilidad<\/a><\/h4>\n\t\t\t<div class=\"sc_services_item_subtitle\"><a href=\"https:\/\/www.asigest.com\/es\/services_group\/departaments\/\" title=\"View all posts in Departaments\">Departamentos<\/a><\/div>\n\t\t<\/div>\n\t\t\t\t\t<div class=\"sc_services_item_content\"><p>Con la Contabilidad podemos determinar, medir y cuantificar el factor de riqueza de las empresas con el objetivo de tomar decisiones, aportando la informaci\u00f3n previamente registrada de manera Sistem\u00e1tica e \u00fatil proporcionada por los clientes.<\/p>\n<\/div>\n\t\t\t<div class=\"sc_services_item_button sc_item_button\"><a href=\"https:\/\/www.asigest.com\/es\/services\/departament-comptabilitat\/\" class=\"sc_button\">More info<\/a><\/div>\n\t\t\t<\/div>\n<\/div>\n<\/div><div class=\"trx_addons_column-1_2\"><div class=\"sc_services_item with_content with_icon sc_services_item_featured_left\">\n\t<a href=\"https:\/\/www.asigest.com\/es\/services\/departament-proteccio-de-dades\/\"\n\t\t\t id=\"sc_services_1454448107_icon-icon3\"\n\t\t\t class=\"sc_services_item_icon icon-icon3\"\n\t\t\t ><\/a>\t\n\t<div class=\"sc_services_item_info\">\n\t\t<div class=\"sc_services_item_header\">\n\t\t\t<h4 class=\"sc_services_item_title\"><a href=\"https:\/\/www.asigest.com\/es\/services\/departament-proteccio-de-dades\/\">Dep. Protecci\u00f3n de Datos<\/a><\/h4>\n\t\t\t<div class=\"sc_services_item_subtitle\"><a href=\"https:\/\/www.asigest.com\/es\/services_group\/departaments\/\" title=\"View all posts in Departaments\">Departamentos<\/a><\/div>\n\t\t<\/div>\n\t\t\t\t\t<div class=\"sc_services_item_content\"><p>Desde el departamento de protecci\u00f3n de datos se trabaja para ayudar al cliente a realizar todas las funciones que correponden a ficheros Responsables de Seguridad, adem\u00e1s coordinamos y asesoramos, en todo lo que nos sea posible<\/p>\n<\/div>\n\t\t\t<div class=\"sc_services_item_button sc_item_button\"><a href=\"https:\/\/www.asigest.com\/es\/services\/departament-proteccio-de-dades\/\" class=\"sc_button\">More info<\/a><\/div>\n\t\t\t<\/div>\n<\/div>\n<\/div><div class=\"trx_addons_column-1_2\"><div class=\"sc_services_item with_content with_icon sc_services_item_featured_left\">\n\t<a href=\"https:\/\/www.asigest.com\/es\/services\/departament-assegurances\/\"\n\t\t\t id=\"sc_services_1454448107_icon-icon2\"\n\t\t\t class=\"sc_services_item_icon icon-icon2\"\n\t\t\t ><\/a>\t\n\t<div class=\"sc_services_item_info\">\n\t\t<div class=\"sc_services_item_header\">\n\t\t\t<h4 class=\"sc_services_item_title\"><a href=\"https:\/\/www.asigest.com\/es\/services\/departament-assegurances\/\">Departamento de Seguros<\/a><\/h4>\n\t\t\t<div class=\"sc_services_item_subtitle\"><a href=\"https:\/\/www.asigest.com\/es\/services_group\/departaments\/\" title=\"View all posts in Departaments\">Departamentos<\/a><\/div>\n\t\t<\/div>\n\t\t\t\t\t<div class=\"sc_services_item_content\"><p>Asigest cuenta con profesionales que los avalan veintid\u00f3s cinco a\u00f1os de experiencia en el mundo de los seguros ofreciendo a nuestros clientes un amplio abanico de coberturas de las mejores compa\u00f1\u00edas del mercado con las que colaboramos.<\/p>\n<\/div>\n\t\t\t<div class=\"sc_services_item_button sc_item_button\"><a href=\"https:\/\/www.asigest.com\/es\/services\/departament-assegurances\/\" class=\"sc_button\">More info<\/a><\/div>\n\t\t\t<\/div>\n<\/div>\n<\/div><\/div><\/div><!-- \/.sc_services --><div class=\"vc_empty_space\"   style=\"height: 8.12rem\"><span class=\"vc_empty_space_inner\"><\/span><\/div><div class=\"sc_layouts sc_layouts_default sc_layouts_842\"><div data-vc-full-width=\"true\" data-vc-full-width-init=\"false\" class=\"vc_row wpb_row vc_row-fluid vc_custom_1674148229582 vc_row-has-fill scheme_dark\"><div class=\"wpb_column vc_column_container vc_col-sm-12 sc_layouts_column_icons_position_left\"><div class=\"vc_column-inner\"><div class=\"wpb_wrapper\"><div class=\"vc_row wpb_row vc_inner vc_row-fluid\"><div class=\"wpb_column vc_column_container vc_col-sm-8 sc_layouts_column_icons_position_left\"><div class=\"vc_column-inner\"><div class=\"wpb_wrapper\"><div class=\"vc_empty_space\"   style=\"height: 6.34rem\"><span class=\"vc_empty_space_inner\"><\/span><\/div><div class=\"sc_layouts_item\"><div id=\"sc_title_1275832088\"\r\n\t\tclass=\"scheme_dark sc_title sc_title_default\"><h3 class=\"sc_item_title sc_title_title sc_align_default sc_item_title_style_default\">\u00bfQuieres m\u00e1s informaci\u00f3n?<\/h3><\/div><!-- \/.sc_title --><\/div><div class=\"vc_empty_space  height_small\"   style=\"height: 32px\"><span class=\"vc_empty_space_inner\"><\/span><\/div>\n\t<div class=\"wpb_text_column wpb_content_element\" >\n\t\t<div class=\"wpb_wrapper\">\n\t\t\t\n\t\t<\/div>\n\t<\/div>\n<\/div><\/div><\/div><div class=\"wpb_column vc_column_container vc_col-sm-4 sc_layouts_column_icons_position_left\"><div class=\"vc_column-inner\"><div class=\"wpb_wrapper\"><div class=\"vc_empty_space  vc_custom_1602109034446\"   style=\"height: 7rem\"><span class=\"vc_empty_space_inner\"><\/span><\/div><div class=\"sc_layouts_item\"><div class=\"sc_item_button sc_button_wrap\"><a href=\"https:\/\/www.asigest.com\/es\/contacte\/\" id=\"sc_button_1892763521\" class=\"sc_button sc_button_dark_button .scheme_dark .sc_button_hover_slide_left { background: linear-gradient(to right, rgba(14,13,18,0) 50%,#444 50%) no-repeat scroll right bottom \/ 210% 100% rgba(14,13,18,0) !important; } sc_button_size_large sc_button_icon_left\"><span class=\"sc_button_text\"><span class=\"sc_button_title\">\u00a1Contacta ahora!<\/span><\/span><!-- \/.sc_button_text --><\/a><!-- \/.sc_button --><\/div><!-- \/.sc_item_button --><\/div><div class=\"vc_empty_space\"   style=\"height: 7.1rem\"><span class=\"vc_empty_space_inner\"><\/span><\/div><\/div><\/div><\/div><\/div><\/div><\/div><\/div><\/div><div class=\"vc_row-full-width vc_clearfix\"><\/div><\/div><\/div><\/div><\/div><\/div><div class=\"vc_row-full-width vc_clearfix\"><\/div>\n<\/section>","protected":false},"excerpt":{"rendered":"En algunes \u00e8poques de les nostres vides desitgem que alg\u00fa es preocupi per nosaltres i ens tranquil\u00b7litzin en moments delicats, per aix\u00f2, a Asigest comptem amb professionals que avalen vint-i-cinc anys d\u2019experi\u00e8ncia en el m\u00f3n de les assegurances oferint als nostres clients un ampli ventall de cobertures de les millors companyies del mercat amb les que col\u00b7laborem. El nostre equip&hellip;","protected":false},"author":1,"featured_media":0,"parent":0,"menu_order":0,"comment_status":"closed","ping_status":"closed","template":"","meta":{"_acf_changed":false,"footnotes":""},"acf":[],"yoast_head":"<!-- This site is optimized with the Yoast SEO plugin v22.9 - https:\/\/yoast.com\/wordpress\/plugins\/seo\/ -->\n<title>Departaments - ASIGEST - Assesorament i Gesti\u00f3 Empresarial<\/title>\n<meta name=\"robots\" content=\"index, follow, max-snippet:-1, max-image-preview:large, max-video-preview:-1\" \/>\n<link rel=\"canonical\" href=\"https:\/\/www.asigest.com\/es\/departaments\/\" \/>\n<meta property=\"og:locale\" content=\"es_ES\" \/>\n<meta property=\"og:type\" content=\"article\" \/>\n<meta property=\"og:title\" content=\"Departaments - ASIGEST - Assesorament i Gesti\u00f3 Empresarial\" \/>\n<meta property=\"og:url\" content=\"https:\/\/www.asigest.com\/es\/departaments\/\" \/>\n<meta property=\"og:site_name\" content=\"ASIGEST - Assesorament i Gesti\u00f3 Empresarial\" \/>\n<meta property=\"article:modified_time\" content=\"2023-01-19T18:23:49+00:00\" \/>\n<meta name=\"twitter:card\" content=\"summary_large_image\" \/>\n<meta name=\"twitter:label1\" content=\"Tiempo de lectura\" \/>\n\t<meta name=\"twitter:data1\" content=\"1 minuto\" \/>\n<script type=\"application\/ld+json\" class=\"yoast-schema-graph\">{\"@context\":\"https:\/\/schema.org\",\"@graph\":[{\"@type\":\"WebPage\",\"@id\":\"https:\/\/www.asigest.com\/departaments\/\",\"url\":\"https:\/\/www.asigest.com\/departaments\/\",\"name\":\"Departaments - ASIGEST - Assesorament i Gesti\u00f3 Empresarial\",\"isPartOf\":{\"@id\":\"https:\/\/www.asigest.com\/#website\"},\"datePublished\":\"2020-10-06T01:24:52+00:00\",\"dateModified\":\"2023-01-19T18:23:49+00:00\",\"breadcrumb\":{\"@id\":\"https:\/\/www.asigest.com\/departaments\/#breadcrumb\"},\"inLanguage\":\"es\",\"potentialAction\":[{\"@type\":\"ReadAction\",\"target\":[\"https:\/\/www.asigest.com\/departaments\/\"]}]},{\"@type\":\"BreadcrumbList\",\"@id\":\"https:\/\/www.asigest.com\/departaments\/#breadcrumb\",\"itemListElement\":[{\"@type\":\"ListItem\",\"position\":1,\"name\":\"Portada\",\"item\":\"https:\/\/www.asigest.com\/\"},{\"@type\":\"ListItem\",\"position\":2,\"name\":\"Departaments\"}]},{\"@type\":\"WebSite\",\"@id\":\"https:\/\/www.asigest.com\/#website\",\"url\":\"https:\/\/www.asigest.com\/\",\"name\":\"ASIGEST - Assesorament i Gesti\u00f3 Empresarial\",\"description\":\"Especialistas en Laboral, Fiscal, Contabilidad, Jur\u00eddico, Mercantil, Protecci\u00f3n de datos y Seguros - \u260e  937 34 99 20 - \u00a1Cont\u00e1ctanos!\",\"publisher\":{\"@id\":\"https:\/\/www.asigest.com\/#organization\"},\"potentialAction\":[{\"@type\":\"SearchAction\",\"target\":{\"@type\":\"EntryPoint\",\"urlTemplate\":\"https:\/\/www.asigest.com\/?s={search_term_string}\"},\"query-input\":\"required name=search_term_string\"}],\"inLanguage\":\"es\"},{\"@type\":\"Organization\",\"@id\":\"https:\/\/www.asigest.com\/#organization\",\"name\":\"Asigest\",\"url\":\"https:\/\/www.asigest.com\/\",\"logo\":{\"@type\":\"ImageObject\",\"inLanguage\":\"es\",\"@id\":\"https:\/\/www.asigest.com\/#\/schema\/logo\/image\/\",\"url\":\"https:\/\/www.asigest.com\/wp-content\/uploads\/2020\/06\/FIRMA-GESTORIA-e1591338948806.jpg\",\"contentUrl\":\"https:\/\/www.asigest.com\/wp-content\/uploads\/2020\/06\/FIRMA-GESTORIA-e1591338948806.jpg\",\"width\":139,\"height\":149,\"caption\":\"Asigest\"},\"image\":{\"@id\":\"https:\/\/www.asigest.com\/#\/schema\/logo\/image\/\"}}]}<\/script>\n<!-- \/ Yoast SEO plugin. -->","yoast_head_json":{"title":"Departaments - ASIGEST - Assesorament i Gesti\u00f3 Empresarial","robots":{"index":"index","follow":"follow","max-snippet":"max-snippet:-1","max-image-preview":"max-image-preview:large","max-video-preview":"max-video-preview:-1"},"canonical":"https:\/\/www.asigest.com\/es\/departaments\/","og_locale":"es_ES","og_type":"article","og_title":"Departaments - ASIGEST - Assesorament i Gesti\u00f3 Empresarial","og_url":"https:\/\/www.asigest.com\/es\/departaments\/","og_site_name":"ASIGEST - Assesorament i Gesti\u00f3 Empresarial","article_modified_time":"2023-01-19T18:23:49+00:00","twitter_card":"summary_large_image","twitter_misc":{"Tiempo de lectura":"1 minuto"},"schema":{"@context":"https:\/\/schema.org","@graph":[{"@type":"WebPage","@id":"https:\/\/www.asigest.com\/departaments\/","url":"https:\/\/www.asigest.com\/departaments\/","name":"Departaments - ASIGEST - Assesorament i Gesti\u00f3 Empresarial","isPartOf":{"@id":"https:\/\/www.asigest.com\/#website"},"datePublished":"2020-10-06T01:24:52+00:00","dateModified":"2023-01-19T18:23:49+00:00","breadcrumb":{"@id":"https:\/\/www.asigest.com\/departaments\/#breadcrumb"},"inLanguage":"es","potentialAction":[{"@type":"ReadAction","target":["https:\/\/www.asigest.com\/departaments\/"]}]},{"@type":"BreadcrumbList","@id":"https:\/\/www.asigest.com\/departaments\/#breadcrumb","itemListElement":[{"@type":"ListItem","position":1,"name":"Portada","item":"https:\/\/www.asigest.com\/"},{"@type":"ListItem","position":2,"name":"Departaments"}]},{"@type":"WebSite","@id":"https:\/\/www.asigest.com\/#website","url":"https:\/\/www.asigest.com\/","name":"ASIGEST - Assesorament i Gesti\u00f3 Empresarial","description":"Especialistas en Laboral, Fiscal, Contabilidad, Jur\u00eddico, Mercantil, Protecci\u00f3n de datos y Seguros - \u260e  937 34 99 20 - \u00a1Cont\u00e1ctanos!","publisher":{"@id":"https:\/\/www.asigest.com\/#organization"},"potentialAction":[{"@type":"SearchAction","target":{"@type":"EntryPoint","urlTemplate":"https:\/\/www.asigest.com\/?s={search_term_string}"},"query-input":"required name=search_term_string"}],"inLanguage":"es"},{"@type":"Organization","@id":"https:\/\/www.asigest.com\/#organization","name":"Asigest","url":"https:\/\/www.asigest.com\/","logo":{"@type":"ImageObject","inLanguage":"es","@id":"https:\/\/www.asigest.com\/#\/schema\/logo\/image\/","url":"https:\/\/www.asigest.com\/wp-content\/uploads\/2020\/06\/FIRMA-GESTORIA-e1591338948806.jpg","contentUrl":"https:\/\/www.asigest.com\/wp-content\/uploads\/2020\/06\/FIRMA-GESTORIA-e1591338948806.jpg","width":139,"height":149,"caption":"Asigest"},"image":{"@id":"https:\/\/www.asigest.com\/#\/schema\/logo\/image\/"}}]}},"_links":{"self":[{"href":"https:\/\/www.asigest.com\/es\/wp-json\/wp\/v2\/pages\/1527"}],"collection":[{"href":"https:\/\/www.asigest.com\/es\/wp-json\/wp\/v2\/pages"}],"about":[{"href":"https:\/\/www.asigest.com\/es\/wp-json\/wp\/v2\/types\/page"}],"author":[{"embeddable":true,"href":"https:\/\/www.asigest.com\/es\/wp-json\/wp\/v2\/users\/1"}],"replies":[{"embeddable":true,"href":"https:\/\/www.asigest.com\/es\/wp-json\/wp\/v2\/comments?post=1527"}],"version-history":[{"count":3,"href":"https:\/\/www.asigest.com\/es\/wp-json\/wp\/v2\/pages\/1527\/revisions"}],"predecessor-version":[{"id":1880,"href":"https:\/\/www.asigest.com\/es\/wp-json\/wp\/v2\/pages\/1527\/revisions\/1880"}],"wp:attachment":[{"href":"https:\/\/www.asigest.com\/es\/wp-json\/wp\/v2\/media?parent=1527"}],"curies":[{"name":"wp","href":"https:\/\/api.w.org\/{rel}","templated":true}]}}