{"id":1706,"date":"2021-08-05T23:18:53","date_gmt":"2021-08-05T23:18:53","guid":{"rendered":"https:\/\/www.asigest.com\/?page_id=1706"},"modified":"2023-01-19T18:24:37","modified_gmt":"2023-01-19T18:24:37","slug":"pasarela-pagos","status":"publish","type":"page","link":"https:\/\/www.asigest.com\/es\/pasarela-pagos\/","title":{"rendered":"Pasarela de Pagos"},"content":{"rendered":"<section class=\"wpb-content-wrapper\"><div data-vc-full-width=\"true\" data-vc-full-width-init=\"false\" class=\"vc_row wpb_row vc_row-fluid vc_custom_1602080147656 vc_row-has-fill\"><div class=\"wpb_column vc_column_container vc_col-sm-12 sc_layouts_column_icons_position_left\"><div class=\"vc_column-inner\"><div class=\"wpb_wrapper\">\n\t\t\t<!-- START 14 Pagaments REVOLUTION SLIDER 6.6.8 --><p class=\"rs-p-wp-fix\"><\/p>\n\t\t\t<rs-module-wrap id=\"rev_slider_14_1_wrapper\" data-source=\"gallery\" style=\"visibility:hidden;background:transparent;padding:0;margin:0px auto;margin-top:0;margin-bottom:0;\">\n\t\t\t\t<rs-module id=\"rev_slider_14_1\" style=\"\" data-version=\"6.6.8\">\n\t\t\t\t\t<rs-slides style=\"overflow: hidden; position: absolute;\">\n\t\t\t\t\t\t<rs-slide style=\"position: absolute;\" data-key=\"rs-22\" data-title=\"Slide\" data-anim=\"ms:1000;r:0;\" data-in=\"o:0;\" data-out=\"a:false;\">\n\t\t\t\t\t\t\t<img decoding=\"async\" src=\"\/\/www.asigest.com\/wp-content\/plugins\/revslider\/public\/assets\/assets\/dummy.png\" alt=\"Slide\" title=\"Pasarela de Pagos\" class=\"rev-slidebg tp-rs-img rs-lazyload\" data-lazyload=\"\/\/www.asigest.com\/wp-content\/plugins\/revslider\/public\/assets\/assets\/transparent.png\" data-no-retina>\n<!--\n\t\t\t\t\t\t\t--><rs-layer\n\t\t\t\t\t\t\t\tid=\"slider-14-slide-22-layer-1\" \n\t\t\t\t\t\t\t\tdata-type=\"shape\"\n\t\t\t\t\t\t\t\tdata-rsp_ch=\"on\"\n\t\t\t\t\t\t\t\tdata-xy=\"x:-1px;y:-2px;\"\n\t\t\t\t\t\t\t\tdata-text=\"w:normal;ls:0px;\"\n\t\t\t\t\t\t\t\tdata-dim=\"w:1927px;h:726px;\"\n\t\t\t\t\t\t\t\tdata-frame_999=\"o:0;st:w;\"\n\t\t\t\t\t\t\t\tstyle=\"z-index:10;background-color:rgba(0,0,0,0.25);\"\n\t\t\t\t\t\t\t> \n\t\t\t\t\t\t\t<\/rs-layer><!--\n\n\t\t\t\t\t\t\t--><rs-layer\n\t\t\t\t\t\t\t\tid=\"slider-14-slide-22-layer-4\" \n\t\t\t\t\t\t\t\tdata-type=\"text\"\n\t\t\t\t\t\t\t\tdata-color=\"#ffffff\"\n\t\t\t\t\t\t\t\tdata-rsp_ch=\"on\"\n\t\t\t\t\t\t\t\tdata-xy=\"x:503px;y:206px;\"\n\t\t\t\t\t\t\t\tdata-text=\"w:normal;s:60;l:60;ls:3px;fw:500;\"\n\t\t\t\t\t\t\t\tdata-dim=\"w:501px;h:120px;minh:0px;\"\n\t\t\t\t\t\t\t\tdata-frame_999=\"o:0;st:w;\"\n\t\t\t\t\t\t\t\tstyle=\"z-index:11;font-family:'Montserrat';\"\n\t\t\t\t\t\t\t>PAGOS ONLINE \n\t\t\t\t\t\t\t<\/rs-layer><!--\n\n\t\t\t\t\t\t\t--><rs-layer\n\t\t\t\t\t\t\t\tid=\"slider-14-slide-22-layer-5\" \n\t\t\t\t\t\t\t\tdata-type=\"shape\"\n\t\t\t\t\t\t\t\tdata-rsp_ch=\"on\"\n\t\t\t\t\t\t\t\tdata-xy=\"x:486px;y:201px;\"\n\t\t\t\t\t\t\t\tdata-text=\"w:normal;\"\n\t\t\t\t\t\t\t\tdata-dim=\"w:10px;h:105px;\"\n\t\t\t\t\t\t\t\tdata-frame_999=\"o:0;st:w;\"\n\t\t\t\t\t\t\t\tstyle=\"z-index:12;background-color:#ff3a2d;\"\n\t\t\t\t\t\t\t> \n\t\t\t\t\t\t\t<\/rs-layer><!--\n\n\t\t\t\t\t\t\t--><rs-layer\n\t\t\t\t\t\t\t\tid=\"slider-14-slide-22-layer-6\" \n\t\t\t\t\t\t\t\tdata-type=\"image\"\n\t\t\t\t\t\t\t\tdata-rsp_ch=\"on\"\n\t\t\t\t\t\t\t\tdata-xy=\"x:-5px;y:-555px;\"\n\t\t\t\t\t\t\t\tdata-text=\"w:normal;\"\n\t\t\t\t\t\t\t\tdata-dim=\"w:100%;h:1707px;\"\n\t\t\t\t\t\t\t\tdata-basealign=\"slide\"\n\t\t\t\t\t\t\t\tdata-frame_999=\"o:0;st:w;\"\n\t\t\t\t\t\t\t\tstyle=\"z-index:9;\"\n\t\t\t\t\t\t\t><img decoding=\"async\" src=\"\/\/www.asigest.com\/wp-content\/plugins\/revslider\/public\/assets\/assets\/dummy.png\" alt=\"\" class=\"tp-rs-img rs-lazyload\" width=\"2560\" height=\"1707\" data-lazyload=\"\/\/www.asigest.com\/wp-content\/uploads\/2021\/11\/beautiful-asian-woman-using-smartphone-buying-online-shopping-scaled.jpg\" data-c=\"fullwidth\" data-no-retina> \n\t\t\t\t\t\t\t<\/rs-layer><!--\n-->\t\t\t\t\t\t<\/rs-slide>\n\t\t\t\t\t<\/rs-slides>\n\t\t\t\t<\/rs-module>\n\t\t\t\t<script>\n\t\t\t\t\tsetREVStartSize({c: 'rev_slider_14_1',rl:[1240,1024,778,480],el:[400],gw:[1920],gh:[400],type:'hero',justify:'',layout:'fullwidth',mh:\"0\"});if (window.RS_MODULES!==undefined && window.RS_MODULES.modules!==undefined && window.RS_MODULES.modules[\"revslider141\"]!==undefined) {window.RS_MODULES.modules[\"revslider141\"].once = false;window.revapi14 = undefined;if (window.RS_MODULES.checkMinimal!==undefined) window.RS_MODULES.checkMinimal()}\n\t\t\t\t<\/script>\n\t\t\t<\/rs-module-wrap>\n\t\t\t<!-- END REVOLUTION SLIDER -->\n<\/div><\/div><\/div><\/div><div class=\"vc_row-full-width vc_clearfix\"><\/div><div data-vc-full-width=\"true\" data-vc-full-width-init=\"false\" data-vc-stretch-content=\"true\" class=\"vc_row wpb_row vc_row-fluid vc_custom_1637704797076 scheme_default\"><div class=\"wpb_column vc_column_container vc_col-sm-3 sc_layouts_column_icons_position_left\"><div class=\"vc_column-inner\"><div class=\"wpb_wrapper\"><\/div><\/div><\/div><div class=\"wpb_column vc_column_container vc_col-sm-6 sc_layouts_column_icons_position_left\"><div class=\"vc_column-inner\"><div class=\"wpb_wrapper\">\n\t<div class=\"wpb_text_column wpb_content_element\" >\n\t\t<div class=\"wpb_wrapper\">\n\t\t\t<p>Introduce los datos que te hemos facilitado en el documento de pago.<br \/>\nAl finalizar la operaci\u00f3n, recibir\u00e1s la confirmaci\u00f3n en el email del registro.<\/p>\n<div class=\"boton-pago-redsys\"><form action=\"https:\/\/sis.redsys.es\/sis\/realizarPago\" method=\"post\" id=\"form_pago_redsys-1854\" data-trp-original-action=\"https:\/\/sis.redsys.es\/sis\/realizarPago\"><div class=\"form_redsys_campo\"><label for=\"1730\" class=\"redsys_form_label\">Correo electr\u00f3nico (Obligatorio)<\/label> <span class=\"required\">*<\/span><br><input class=\"redsys_form_fields redsys_form_fields-email redsys_form_fields-1854 email-redsys\" data-concepto=\"Correu electr\u00f2nic (Obligatori)\" type=\"email\" name=\"1730\" id=\"email_redsys-1854\" placeholder=\"Correo electr\u00f3nico (Obligatorio)\" value=\"\" onfocus=\"desmarcaCampo(this);\" required=\"required\"><\/div><div class=\"form_redsys_campo\"><label for=\"label2\" class=\"redsys_form_label\">N\u00famero documento de pago o factura<\/label> <span class=\"required\">*<\/span><br><input class=\"redsys_form_fields redsys_form_fields-text redsys_form_fields-1854\" data-concepto=\"N\u00famero document de pagament o factura\" type=\"text\" name=\"label2\" id=\"label2\" placeholder=\"N\u00famero documento de pago o factura\" value=\"\" onfocus=\"desmarcaCampo(this);\" required=\"required\"><\/div><div class=\"form_redsys_campo\"><label for=\"algo\" class=\"redsys_form_label\">Selecciona m\u00e9todo de pago<\/label><br><select class=\"redsys_form_fields redsys_form_fields-metodo redsys_form_fields-1854 redsys_form_fields-metodo\" data-type=\"select\" name=\"metodo-pago-redsys-1854\" id=\"metodo-pago-redsys-1854\"><option value=\"C\" selected=\"selected\">Tarjeta<\/option><option value=\"z\" >Bizum<\/option><\/select><\/div><input type=\"hidden\" name=\"Ds_SignatureVersion\" value=\"HMAC_SHA256_V1\" \/><input type=\"hidden\" name=\"Ds_MerchantParameters\" id=\"Ds_MerchantParameters-1854\" \/><input type=\"hidden\" name=\"Ds_Signature\" id=\"Ds_Signature-1854\" \/><input type=\"hidden\" name=\"Ds_Order\" id=\"Ds_Order-1854\" value=\"000096001\" \/><input type=\"hidden\" name=\"Ds_MerchantPaymethods\" id=\"Ds_MerchantPaymethods-1854\" value=\"C\" \/><input type=\"hidden\" name=\"Ds_Merchant_ConsumerLanguage\" id=\"Ds_Merchant_ConsumerLanguage-1854\" value=\"1\" \/><input type=\"hidden\" name=\"http_accept\" id=\"http_accept-1854\" value=\"*\/*\" \/><input type=\"number\" step=\"1.000000\" placeholder=\"Cantidad\" required=\"required\" class=\"cantidad-redsys\" id=\"cantidad_redsys-1854\" min=\"0\" onfocus=\"this.style.borderColor='#ccc';\" \/> <span class=\"simbolo-moneda\"><\/span><input type=\"button\" value=\"PAGAR\" class=\"boton-redsys\" id=\"boton_redsys-1854\" style=\"background-color:#c90000;color:#fff\" onclick=\"procesaPago('1854');\" \/><br><input type=\"hidden\" name=\"concepto\" id=\"concepto_redsys-1854\" class=\"concepto-redsys\" \/><p class=\"boton-redsys-rgpd\"><input type=\"checkbox\" name=\"boton_redsys_rgpd\" id=\"rgpd_redsys-1854\" aria-required=\"true\" required><span class=\"boton_redsys_rgpd_texto\"> Accepto la <a href=\"https:\/\/www.asigest.com\/es\/politica-privacitat\/\">politica de privacitat<\/a><div class=\"boton-redsys-texto-rgpd\"><\/div><input type=\"hidden\" name=\"trp-form-language\" value=\"es\"\/><\/form><\/div>\n\n\t\t<\/div>\n\t<\/div>\n<\/div><\/div><\/div><div class=\"wpb_column vc_column_container vc_col-sm-3 sc_layouts_column_icons_position_left\"><div class=\"vc_column-inner\"><div class=\"wpb_wrapper\"><\/div><\/div><\/div><\/div><div class=\"vc_row-full-width vc_clearfix\"><\/div><div class=\"vc_row wpb_row vc_row-fluid\"><div class=\"wpb_column vc_column_container vc_col-sm-12 sc_layouts_column_icons_position_left\"><div class=\"vc_column-inner\"><div class=\"wpb_wrapper\">\n\t<div class=\"vc_gutenberg wpb_content_element\" >\n\t\t<div class=\"wpb_wrapper\">\n\t\t\t\n\t\t<\/div>\n\t<\/div>\n<\/div><\/div><\/div><\/div>\n<\/section>","protected":false},"excerpt":{"rendered":"PAGAMENTS ONLINE Introdueix les dades que t'hem facilitat al document de pagament. Al finalitzar la operaci\u00f3, rebr\u00e0s la confirmaci\u00f3 al email del registre. Correu electr\u00f2nic (Obligatori) *N\u00famero document de pagament o factura *Selecciona m\u00e8tode de pagamentTarjetaBizum Accepto la politica de privacitat","protected":false},"author":1,"featured_media":0,"parent":0,"menu_order":0,"comment_status":"closed","ping_status":"closed","template":"","meta":{"_acf_changed":false,"footnotes":""},"acf":[],"yoast_head":"<!-- This site is optimized with the Yoast SEO plugin v22.9 - https:\/\/yoast.com\/wordpress\/plugins\/seo\/ -->\n<title>Pasarel\u00b7la de Pagaments - ASIGEST - Assesorament i Gesti\u00f3 Empresarial<\/title>\n<meta name=\"robots\" content=\"index, follow, max-snippet:-1, max-image-preview:large, max-video-preview:-1\" \/>\n<link rel=\"canonical\" href=\"https:\/\/www.asigest.com\/es\/pasarela-pagos\/\" \/>\n<meta property=\"og:locale\" content=\"es_ES\" \/>\n<meta property=\"og:type\" content=\"article\" \/>\n<meta property=\"og:title\" content=\"Pasarel\u00b7la de Pagaments - ASIGEST - Assesorament i Gesti\u00f3 Empresarial\" \/>\n<meta property=\"og:url\" content=\"https:\/\/www.asigest.com\/es\/pasarela-pagos\/\" \/>\n<meta property=\"og:site_name\" content=\"ASIGEST - Assesorament i Gesti\u00f3 Empresarial\" \/>\n<meta property=\"article:modified_time\" content=\"2023-01-19T18:24:37+00:00\" \/>\n<meta name=\"twitter:card\" content=\"summary_large_image\" \/>\n<meta name=\"twitter:label1\" content=\"Tiempo de lectura\" \/>\n\t<meta name=\"twitter:data1\" content=\"1 minuto\" \/>\n<script type=\"application\/ld+json\" class=\"yoast-schema-graph\">{\"@context\":\"https:\/\/schema.org\",\"@graph\":[{\"@type\":\"WebPage\",\"@id\":\"https:\/\/www.asigest.com\/pasarela-pagos\/\",\"url\":\"https:\/\/www.asigest.com\/pasarela-pagos\/\",\"name\":\"Pasarel\u00b7la de Pagaments - ASIGEST - Assesorament i Gesti\u00f3 Empresarial\",\"isPartOf\":{\"@id\":\"https:\/\/www.asigest.com\/#website\"},\"datePublished\":\"2021-08-05T23:18:53+00:00\",\"dateModified\":\"2023-01-19T18:24:37+00:00\",\"breadcrumb\":{\"@id\":\"https:\/\/www.asigest.com\/pasarela-pagos\/#breadcrumb\"},\"inLanguage\":\"es\",\"potentialAction\":[{\"@type\":\"ReadAction\",\"target\":[\"https:\/\/www.asigest.com\/pasarela-pagos\/\"]}]},{\"@type\":\"BreadcrumbList\",\"@id\":\"https:\/\/www.asigest.com\/pasarela-pagos\/#breadcrumb\",\"itemListElement\":[{\"@type\":\"ListItem\",\"position\":1,\"name\":\"Portada\",\"item\":\"https:\/\/www.asigest.com\/\"},{\"@type\":\"ListItem\",\"position\":2,\"name\":\"Pasarel\u00b7la de Pagaments\"}]},{\"@type\":\"WebSite\",\"@id\":\"https:\/\/www.asigest.com\/#website\",\"url\":\"https:\/\/www.asigest.com\/\",\"name\":\"ASIGEST - Assesorament i Gesti\u00f3 Empresarial\",\"description\":\"Especialistas en Laboral, Fiscal, Contabilidad, Jur\u00eddico, Mercantil, Protecci\u00f3n de datos y Seguros - \u260e  937 34 99 20 - \u00a1Cont\u00e1ctanos!\",\"publisher\":{\"@id\":\"https:\/\/www.asigest.com\/#organization\"},\"potentialAction\":[{\"@type\":\"SearchAction\",\"target\":{\"@type\":\"EntryPoint\",\"urlTemplate\":\"https:\/\/www.asigest.com\/?s={search_term_string}\"},\"query-input\":\"required name=search_term_string\"}],\"inLanguage\":\"es\"},{\"@type\":\"Organization\",\"@id\":\"https:\/\/www.asigest.com\/#organization\",\"name\":\"Asigest\",\"url\":\"https:\/\/www.asigest.com\/\",\"logo\":{\"@type\":\"ImageObject\",\"inLanguage\":\"es\",\"@id\":\"https:\/\/www.asigest.com\/#\/schema\/logo\/image\/\",\"url\":\"https:\/\/www.asigest.com\/wp-content\/uploads\/2020\/06\/FIRMA-GESTORIA-e1591338948806.jpg\",\"contentUrl\":\"https:\/\/www.asigest.com\/wp-content\/uploads\/2020\/06\/FIRMA-GESTORIA-e1591338948806.jpg\",\"width\":139,\"height\":149,\"caption\":\"Asigest\"},\"image\":{\"@id\":\"https:\/\/www.asigest.com\/#\/schema\/logo\/image\/\"}}]}<\/script>\n<!-- \/ Yoast SEO plugin. -->","yoast_head_json":{"title":"Pasarel\u00b7la de Pagaments - ASIGEST - Assesorament i Gesti\u00f3 Empresarial","robots":{"index":"index","follow":"follow","max-snippet":"max-snippet:-1","max-image-preview":"max-image-preview:large","max-video-preview":"max-video-preview:-1"},"canonical":"https:\/\/www.asigest.com\/es\/pasarela-pagos\/","og_locale":"es_ES","og_type":"article","og_title":"Pasarel\u00b7la de Pagaments - ASIGEST - Assesorament i Gesti\u00f3 Empresarial","og_url":"https:\/\/www.asigest.com\/es\/pasarela-pagos\/","og_site_name":"ASIGEST - Assesorament i Gesti\u00f3 Empresarial","article_modified_time":"2023-01-19T18:24:37+00:00","twitter_card":"summary_large_image","twitter_misc":{"Tiempo de lectura":"1 minuto"},"schema":{"@context":"https:\/\/schema.org","@graph":[{"@type":"WebPage","@id":"https:\/\/www.asigest.com\/pasarela-pagos\/","url":"https:\/\/www.asigest.com\/pasarela-pagos\/","name":"Pasarel\u00b7la de Pagaments - ASIGEST - Assesorament i Gesti\u00f3 Empresarial","isPartOf":{"@id":"https:\/\/www.asigest.com\/#website"},"datePublished":"2021-08-05T23:18:53+00:00","dateModified":"2023-01-19T18:24:37+00:00","breadcrumb":{"@id":"https:\/\/www.asigest.com\/pasarela-pagos\/#breadcrumb"},"inLanguage":"es","potentialAction":[{"@type":"ReadAction","target":["https:\/\/www.asigest.com\/pasarela-pagos\/"]}]},{"@type":"BreadcrumbList","@id":"https:\/\/www.asigest.com\/pasarela-pagos\/#breadcrumb","itemListElement":[{"@type":"ListItem","position":1,"name":"Portada","item":"https:\/\/www.asigest.com\/"},{"@type":"ListItem","position":2,"name":"Pasarel\u00b7la de Pagaments"}]},{"@type":"WebSite","@id":"https:\/\/www.asigest.com\/#website","url":"https:\/\/www.asigest.com\/","name":"ASIGEST - Assesorament i Gesti\u00f3 Empresarial","description":"Especialistas en Laboral, Fiscal, Contabilidad, Jur\u00eddico, Mercantil, Protecci\u00f3n de datos y Seguros - \u260e  937 34 99 20 - \u00a1Cont\u00e1ctanos!","publisher":{"@id":"https:\/\/www.asigest.com\/#organization"},"potentialAction":[{"@type":"SearchAction","target":{"@type":"EntryPoint","urlTemplate":"https:\/\/www.asigest.com\/?s={search_term_string}"},"query-input":"required name=search_term_string"}],"inLanguage":"es"},{"@type":"Organization","@id":"https:\/\/www.asigest.com\/#organization","name":"Asigest","url":"https:\/\/www.asigest.com\/","logo":{"@type":"ImageObject","inLanguage":"es","@id":"https:\/\/www.asigest.com\/#\/schema\/logo\/image\/","url":"https:\/\/www.asigest.com\/wp-content\/uploads\/2020\/06\/FIRMA-GESTORIA-e1591338948806.jpg","contentUrl":"https:\/\/www.asigest.com\/wp-content\/uploads\/2020\/06\/FIRMA-GESTORIA-e1591338948806.jpg","width":139,"height":149,"caption":"Asigest"},"image":{"@id":"https:\/\/www.asigest.com\/#\/schema\/logo\/image\/"}}]}},"_links":{"self":[{"href":"https:\/\/www.asigest.com\/es\/wp-json\/wp\/v2\/pages\/1706"}],"collection":[{"href":"https:\/\/www.asigest.com\/es\/wp-json\/wp\/v2\/pages"}],"about":[{"href":"https:\/\/www.asigest.com\/es\/wp-json\/wp\/v2\/types\/page"}],"author":[{"embeddable":true,"href":"https:\/\/www.asigest.com\/es\/wp-json\/wp\/v2\/users\/1"}],"replies":[{"embeddable":true,"href":"https:\/\/www.asigest.com\/es\/wp-json\/wp\/v2\/comments?post=1706"}],"version-history":[{"count":13,"href":"https:\/\/www.asigest.com\/es\/wp-json\/wp\/v2\/pages\/1706\/revisions"}],"predecessor-version":[{"id":1881,"href":"https:\/\/www.asigest.com\/es\/wp-json\/wp\/v2\/pages\/1706\/revisions\/1881"}],"wp:attachment":[{"href":"https:\/\/www.asigest.com\/es\/wp-json\/wp\/v2\/media?parent=1706"}],"curies":[{"name":"wp","href":"https:\/\/api.w.org\/{rel}","templated":true}]}}