{"id":1773,"date":"2021-11-23T22:48:29","date_gmt":"2021-11-23T22:48:29","guid":{"rendered":"https:\/\/www.asigest.com\/?page_id=1773"},"modified":"2021-11-23T22:48:29","modified_gmt":"2021-11-23T22:48:29","slug":"pagament-correcte","status":"publish","type":"page","link":"https:\/\/www.asigest.com\/es\/pagament-correcte\/","title":{"rendered":"Pagament realitzat correctament"},"content":{"rendered":"<section class=\"wpb-content-wrapper\"><div data-vc-full-width=\"true\" data-vc-full-width-init=\"false\" class=\"vc_row wpb_row vc_row-fluid vc_custom_1602080147656 vc_row-has-fill\"><div class=\"wpb_column vc_column_container vc_col-sm-12 sc_layouts_column_icons_position_left\"><div class=\"vc_column-inner\"><div class=\"wpb_wrapper\">\n\t\t\t<!-- START 14 Pagaments REVOLUTION SLIDER 6.6.8 --><p class=\"rs-p-wp-fix\"><\/p>\n\t\t\t<rs-module-wrap id=\"rev_slider_14_1_wrapper\" data-source=\"gallery\" style=\"visibility:hidden;background:transparent;padding:0;margin:0px auto;margin-top:0;margin-bottom:0;\">\n\t\t\t\t<rs-module id=\"rev_slider_14_1\" style=\"\" data-version=\"6.6.8\">\n\t\t\t\t\t<rs-slides style=\"overflow: hidden; position: absolute;\">\n\t\t\t\t\t\t<rs-slide style=\"position: absolute;\" data-key=\"rs-22\" data-title=\"Slide\" data-anim=\"ms:1000;r:0;\" data-in=\"o:0;\" data-out=\"a:false;\">\n\t\t\t\t\t\t\t<img decoding=\"async\" src=\"\/\/www.asigest.com\/wp-content\/plugins\/revslider\/public\/assets\/assets\/dummy.png\" alt=\"Slide\" title=\"Pagament realitzat correctament\" class=\"rev-slidebg tp-rs-img rs-lazyload\" data-lazyload=\"\/\/www.asigest.com\/wp-content\/plugins\/revslider\/public\/assets\/assets\/transparent.png\" data-no-retina>\n<!--\n\t\t\t\t\t\t\t--><rs-layer\n\t\t\t\t\t\t\t\tid=\"slider-14-slide-22-layer-1\" \n\t\t\t\t\t\t\t\tdata-type=\"shape\"\n\t\t\t\t\t\t\t\tdata-rsp_ch=\"on\"\n\t\t\t\t\t\t\t\tdata-xy=\"x:-1px;y:-2px;\"\n\t\t\t\t\t\t\t\tdata-text=\"w:normal;ls:0px;\"\n\t\t\t\t\t\t\t\tdata-dim=\"w:1927px;h:726px;\"\n\t\t\t\t\t\t\t\tdata-frame_999=\"o:0;st:w;\"\n\t\t\t\t\t\t\t\tstyle=\"z-index:10;background-color:rgba(0,0,0,0.25);\"\n\t\t\t\t\t\t\t> \n\t\t\t\t\t\t\t<\/rs-layer><!--\n\n\t\t\t\t\t\t\t--><rs-layer\n\t\t\t\t\t\t\t\tid=\"slider-14-slide-22-layer-4\" \n\t\t\t\t\t\t\t\tdata-type=\"text\"\n\t\t\t\t\t\t\t\tdata-color=\"#ffffff\"\n\t\t\t\t\t\t\t\tdata-rsp_ch=\"on\"\n\t\t\t\t\t\t\t\tdata-xy=\"x:503px;y:206px;\"\n\t\t\t\t\t\t\t\tdata-text=\"w:normal;s:60;l:60;ls:3px;fw:500;\"\n\t\t\t\t\t\t\t\tdata-dim=\"w:501px;h:120px;minh:0px;\"\n\t\t\t\t\t\t\t\tdata-frame_999=\"o:0;st:w;\"\n\t\t\t\t\t\t\t\tstyle=\"z-index:11;font-family:'Montserrat';\"\n\t\t\t\t\t\t\t>PAGOS ONLINE \n\t\t\t\t\t\t\t<\/rs-layer><!--\n\n\t\t\t\t\t\t\t--><rs-layer\n\t\t\t\t\t\t\t\tid=\"slider-14-slide-22-layer-5\" \n\t\t\t\t\t\t\t\tdata-type=\"shape\"\n\t\t\t\t\t\t\t\tdata-rsp_ch=\"on\"\n\t\t\t\t\t\t\t\tdata-xy=\"x:486px;y:201px;\"\n\t\t\t\t\t\t\t\tdata-text=\"w:normal;\"\n\t\t\t\t\t\t\t\tdata-dim=\"w:10px;h:105px;\"\n\t\t\t\t\t\t\t\tdata-frame_999=\"o:0;st:w;\"\n\t\t\t\t\t\t\t\tstyle=\"z-index:12;background-color:#ff3a2d;\"\n\t\t\t\t\t\t\t> \n\t\t\t\t\t\t\t<\/rs-layer><!--\n\n\t\t\t\t\t\t\t--><rs-layer\n\t\t\t\t\t\t\t\tid=\"slider-14-slide-22-layer-6\" \n\t\t\t\t\t\t\t\tdata-type=\"image\"\n\t\t\t\t\t\t\t\tdata-rsp_ch=\"on\"\n\t\t\t\t\t\t\t\tdata-xy=\"x:-5px;y:-555px;\"\n\t\t\t\t\t\t\t\tdata-text=\"w:normal;\"\n\t\t\t\t\t\t\t\tdata-dim=\"w:100%;h:1707px;\"\n\t\t\t\t\t\t\t\tdata-basealign=\"slide\"\n\t\t\t\t\t\t\t\tdata-frame_999=\"o:0;st:w;\"\n\t\t\t\t\t\t\t\tstyle=\"z-index:9;\"\n\t\t\t\t\t\t\t><img decoding=\"async\" src=\"\/\/www.asigest.com\/wp-content\/plugins\/revslider\/public\/assets\/assets\/dummy.png\" alt=\"\" class=\"tp-rs-img rs-lazyload\" width=\"2560\" height=\"1707\" data-lazyload=\"\/\/www.asigest.com\/wp-content\/uploads\/2021\/11\/beautiful-asian-woman-using-smartphone-buying-online-shopping-scaled.jpg\" data-c=\"fullwidth\" data-no-retina> \n\t\t\t\t\t\t\t<\/rs-layer><!--\n-->\t\t\t\t\t\t<\/rs-slide>\n\t\t\t\t\t<\/rs-slides>\n\t\t\t\t<\/rs-module>\n\t\t\t\t<script>\n\t\t\t\t\tsetREVStartSize({c: 'rev_slider_14_1',rl:[1240,1024,778,480],el:[400],gw:[1920],gh:[400],type:'hero',justify:'',layout:'fullwidth',mh:\"0\"});if (window.RS_MODULES!==undefined && window.RS_MODULES.modules!==undefined && window.RS_MODULES.modules[\"revslider141\"]!==undefined) {window.RS_MODULES.modules[\"revslider141\"].once = false;window.revapi14 = undefined;if (window.RS_MODULES.checkMinimal!==undefined) window.RS_MODULES.checkMinimal()}\n\t\t\t\t<\/script>\n\t\t\t<\/rs-module-wrap>\n\t\t\t<!-- END REVOLUTION SLIDER -->\n<\/div><\/div><\/div><\/div><div class=\"vc_row-full-width vc_clearfix\"><\/div><div data-vc-full-width=\"true\" data-vc-full-width-init=\"false\" data-vc-stretch-content=\"true\" class=\"vc_row wpb_row vc_row-fluid vc_custom_1637704797076 scheme_default\"><div class=\"wpb_column vc_column_container vc_col-sm-3 sc_layouts_column_icons_position_left\"><div class=\"vc_column-inner\"><div class=\"wpb_wrapper\"><\/div><\/div><\/div><div class=\"wpb_column vc_column_container vc_col-sm-6 sc_layouts_column_icons_position_left\"><div class=\"vc_column-inner\"><div class=\"wpb_wrapper\">\n\t<div class=\"wpb_text_column wpb_content_element\" >\n\t\t<div class=\"wpb_wrapper\">\n\t\t\t<p>Se ha realizado el pago correctamente.<br \/>\nRecibir\u00e1s una confirmaci\u00f3n al correo electr\u00f3nico que nos has facilitado.<\/p>\n<p>Muchas Gracias :)<\/p>\n\n\n\t\t<\/div>\n\t<\/div>\n<div class=\"sc_item_button sc_button_wrap sc_align_center\"><a href=\"https:\/\/www.asigest.com\/es\/pasarela-pagos\/\" id=\"sc_button_642864447\" class=\"sc_button sc_button_default sc_button_size_large sc_button_icon_left\"><span class=\"sc_button_text sc_align_center\"><span class=\"sc_button_title\">VOLVER<\/span><\/span><!-- \/.sc_button_text --><\/a><!-- \/.sc_button --><\/div><!-- \/.sc_item_button --><\/div><\/div><\/div><div class=\"wpb_column vc_column_container vc_col-sm-3 sc_layouts_column_icons_position_left\"><div class=\"vc_column-inner\"><div class=\"wpb_wrapper\"><\/div><\/div><\/div><\/div><div class=\"vc_row-full-width vc_clearfix\"><\/div><div class=\"vc_row wpb_row vc_row-fluid\"><div class=\"wpb_column vc_column_container vc_col-sm-12 sc_layouts_column_icons_position_left\"><div class=\"vc_column-inner\"><div class=\"wpb_wrapper\">\n\t<div class=\"vc_gutenberg wpb_content_element\" >\n\t\t<div class=\"wpb_wrapper\">\n\t\t\t\n\t\t<\/div>\n\t<\/div>\n<\/div><\/div><\/div><\/div>\n<\/section>","protected":false},"excerpt":{"rendered":"PAGAMENTS ONLINE S'ha realitzat el pagament correctament. Rebr\u00e0s una confirmaci\u00f3 al correu electr\u00f2nic que ens has facil\u00b7litat Moltes Gr\u00e0cies :) TORNAR","protected":false},"author":1,"featured_media":0,"parent":0,"menu_order":0,"comment_status":"closed","ping_status":"closed","template":"","meta":{"_acf_changed":false,"footnotes":""},"acf":[],"yoast_head":"<!-- This site is optimized with the Yoast SEO plugin v22.9 - https:\/\/yoast.com\/wordpress\/plugins\/seo\/ -->\n<title>Pagament realitzat correctament - ASIGEST - Assesorament i Gesti\u00f3 Empresarial<\/title>\n<meta name=\"robots\" content=\"index, follow, max-snippet:-1, max-image-preview:large, max-video-preview:-1\" \/>\n<link rel=\"canonical\" href=\"https:\/\/www.asigest.com\/es\/pagament-correcte\/\" \/>\n<meta property=\"og:locale\" content=\"es_ES\" \/>\n<meta property=\"og:type\" content=\"article\" \/>\n<meta property=\"og:title\" content=\"Pagament realitzat correctament - ASIGEST - Assesorament i Gesti\u00f3 Empresarial\" \/>\n<meta property=\"og:url\" content=\"https:\/\/www.asigest.com\/es\/pagament-correcte\/\" \/>\n<meta property=\"og:site_name\" content=\"ASIGEST - Assesorament i Gesti\u00f3 Empresarial\" \/>\n<meta name=\"twitter:card\" content=\"summary_large_image\" \/>\n<meta name=\"twitter:label1\" content=\"Tiempo de lectura\" \/>\n\t<meta name=\"twitter:data1\" content=\"1 minuto\" \/>\n<script type=\"application\/ld+json\" class=\"yoast-schema-graph\">{\"@context\":\"https:\/\/schema.org\",\"@graph\":[{\"@type\":\"WebPage\",\"@id\":\"https:\/\/www.asigest.com\/pagament-correcte\/\",\"url\":\"https:\/\/www.asigest.com\/pagament-correcte\/\",\"name\":\"Pagament realitzat correctament - ASIGEST - Assesorament i Gesti\u00f3 Empresarial\",\"isPartOf\":{\"@id\":\"https:\/\/www.asigest.com\/#website\"},\"datePublished\":\"2021-11-23T22:48:29+00:00\",\"dateModified\":\"2021-11-23T22:48:29+00:00\",\"breadcrumb\":{\"@id\":\"https:\/\/www.asigest.com\/pagament-correcte\/#breadcrumb\"},\"inLanguage\":\"es\",\"potentialAction\":[{\"@type\":\"ReadAction\",\"target\":[\"https:\/\/www.asigest.com\/pagament-correcte\/\"]}]},{\"@type\":\"BreadcrumbList\",\"@id\":\"https:\/\/www.asigest.com\/pagament-correcte\/#breadcrumb\",\"itemListElement\":[{\"@type\":\"ListItem\",\"position\":1,\"name\":\"Portada\",\"item\":\"https:\/\/www.asigest.com\/\"},{\"@type\":\"ListItem\",\"position\":2,\"name\":\"Pagament realitzat correctament\"}]},{\"@type\":\"WebSite\",\"@id\":\"https:\/\/www.asigest.com\/#website\",\"url\":\"https:\/\/www.asigest.com\/\",\"name\":\"ASIGEST - Assesorament i Gesti\u00f3 Empresarial\",\"description\":\"Especialistas en Laboral, Fiscal, Contabilidad, Jur\u00eddico, Mercantil, Protecci\u00f3n de datos y Seguros - \u260e  937 34 99 20 - \u00a1Cont\u00e1ctanos!\",\"publisher\":{\"@id\":\"https:\/\/www.asigest.com\/#organization\"},\"potentialAction\":[{\"@type\":\"SearchAction\",\"target\":{\"@type\":\"EntryPoint\",\"urlTemplate\":\"https:\/\/www.asigest.com\/?s={search_term_string}\"},\"query-input\":\"required name=search_term_string\"}],\"inLanguage\":\"es\"},{\"@type\":\"Organization\",\"@id\":\"https:\/\/www.asigest.com\/#organization\",\"name\":\"Asigest\",\"url\":\"https:\/\/www.asigest.com\/\",\"logo\":{\"@type\":\"ImageObject\",\"inLanguage\":\"es\",\"@id\":\"https:\/\/www.asigest.com\/#\/schema\/logo\/image\/\",\"url\":\"https:\/\/www.asigest.com\/wp-content\/uploads\/2020\/06\/FIRMA-GESTORIA-e1591338948806.jpg\",\"contentUrl\":\"https:\/\/www.asigest.com\/wp-content\/uploads\/2020\/06\/FIRMA-GESTORIA-e1591338948806.jpg\",\"width\":139,\"height\":149,\"caption\":\"Asigest\"},\"image\":{\"@id\":\"https:\/\/www.asigest.com\/#\/schema\/logo\/image\/\"}}]}<\/script>\n<!-- \/ Yoast SEO plugin. -->","yoast_head_json":{"title":"Pagament realitzat correctament - ASIGEST - Assesorament i Gesti\u00f3 Empresarial","robots":{"index":"index","follow":"follow","max-snippet":"max-snippet:-1","max-image-preview":"max-image-preview:large","max-video-preview":"max-video-preview:-1"},"canonical":"https:\/\/www.asigest.com\/es\/pagament-correcte\/","og_locale":"es_ES","og_type":"article","og_title":"Pagament realitzat correctament - ASIGEST - Assesorament i Gesti\u00f3 Empresarial","og_url":"https:\/\/www.asigest.com\/es\/pagament-correcte\/","og_site_name":"ASIGEST - Assesorament i Gesti\u00f3 Empresarial","twitter_card":"summary_large_image","twitter_misc":{"Tiempo de lectura":"1 minuto"},"schema":{"@context":"https:\/\/schema.org","@graph":[{"@type":"WebPage","@id":"https:\/\/www.asigest.com\/pagament-correcte\/","url":"https:\/\/www.asigest.com\/pagament-correcte\/","name":"Pagament realitzat correctament - ASIGEST - Assesorament i Gesti\u00f3 Empresarial","isPartOf":{"@id":"https:\/\/www.asigest.com\/#website"},"datePublished":"2021-11-23T22:48:29+00:00","dateModified":"2021-11-23T22:48:29+00:00","breadcrumb":{"@id":"https:\/\/www.asigest.com\/pagament-correcte\/#breadcrumb"},"inLanguage":"es","potentialAction":[{"@type":"ReadAction","target":["https:\/\/www.asigest.com\/pagament-correcte\/"]}]},{"@type":"BreadcrumbList","@id":"https:\/\/www.asigest.com\/pagament-correcte\/#breadcrumb","itemListElement":[{"@type":"ListItem","position":1,"name":"Portada","item":"https:\/\/www.asigest.com\/"},{"@type":"ListItem","position":2,"name":"Pagament realitzat correctament"}]},{"@type":"WebSite","@id":"https:\/\/www.asigest.com\/#website","url":"https:\/\/www.asigest.com\/","name":"ASIGEST - Assesorament i Gesti\u00f3 Empresarial","description":"Especialistas en Laboral, Fiscal, Contabilidad, Jur\u00eddico, Mercantil, Protecci\u00f3n de datos y Seguros - \u260e  937 34 99 20 - \u00a1Cont\u00e1ctanos!","publisher":{"@id":"https:\/\/www.asigest.com\/#organization"},"potentialAction":[{"@type":"SearchAction","target":{"@type":"EntryPoint","urlTemplate":"https:\/\/www.asigest.com\/?s={search_term_string}"},"query-input":"required name=search_term_string"}],"inLanguage":"es"},{"@type":"Organization","@id":"https:\/\/www.asigest.com\/#organization","name":"Asigest","url":"https:\/\/www.asigest.com\/","logo":{"@type":"ImageObject","inLanguage":"es","@id":"https:\/\/www.asigest.com\/#\/schema\/logo\/image\/","url":"https:\/\/www.asigest.com\/wp-content\/uploads\/2020\/06\/FIRMA-GESTORIA-e1591338948806.jpg","contentUrl":"https:\/\/www.asigest.com\/wp-content\/uploads\/2020\/06\/FIRMA-GESTORIA-e1591338948806.jpg","width":139,"height":149,"caption":"Asigest"},"image":{"@id":"https:\/\/www.asigest.com\/#\/schema\/logo\/image\/"}}]}},"_links":{"self":[{"href":"https:\/\/www.asigest.com\/es\/wp-json\/wp\/v2\/pages\/1773"}],"collection":[{"href":"https:\/\/www.asigest.com\/es\/wp-json\/wp\/v2\/pages"}],"about":[{"href":"https:\/\/www.asigest.com\/es\/wp-json\/wp\/v2\/types\/page"}],"author":[{"embeddable":true,"href":"https:\/\/www.asigest.com\/es\/wp-json\/wp\/v2\/users\/1"}],"replies":[{"embeddable":true,"href":"https:\/\/www.asigest.com\/es\/wp-json\/wp\/v2\/comments?post=1773"}],"version-history":[{"count":1,"href":"https:\/\/www.asigest.com\/es\/wp-json\/wp\/v2\/pages\/1773\/revisions"}],"predecessor-version":[{"id":1774,"href":"https:\/\/www.asigest.com\/es\/wp-json\/wp\/v2\/pages\/1773\/revisions\/1774"}],"wp:attachment":[{"href":"https:\/\/www.asigest.com\/es\/wp-json\/wp\/v2\/media?parent=1773"}],"curies":[{"name":"wp","href":"https:\/\/api.w.org\/{rel}","templated":true}]}}