{"id":36,"date":"2016-12-12T10:37:19","date_gmt":"2016-12-12T10:37:19","guid":{"rendered":"http:\/\/wizors.ancorathemes.com\/?page_id=36"},"modified":"2021-06-02T22:22:10","modified_gmt":"2021-06-02T22:22:10","slug":"contacte","status":"publish","type":"page","link":"https:\/\/www.asigest.com\/es\/contacte\/","title":{"rendered":"Contacto"},"content":{"rendered":"<section class=\"wpb-content-wrapper\"><div class=\"vc_row wpb_row vc_row-fluid\"><div class=\"wpb_column vc_column_container vc_col-sm-12 sc_layouts_column_icons_position_left\"><div class=\"vc_column-inner\"><div class=\"wpb_wrapper\">\n\t\t\t<!-- START 10 Contacte REVOLUTION SLIDER 6.6.8 --><p class=\"rs-p-wp-fix\"><\/p>\n\t\t\t<rs-module-wrap id=\"rev_slider_10_1_wrapper\" data-source=\"gallery\" style=\"visibility:hidden;background:transparent;padding:0;margin:0px auto;margin-top:0;margin-bottom:0;\">\n\t\t\t\t<rs-module id=\"rev_slider_10_1\" style=\"\" data-version=\"6.6.8\">\n\t\t\t\t\t<rs-slides style=\"overflow: hidden; position: absolute;\">\n\t\t\t\t\t\t<rs-slide style=\"position: absolute;\" data-key=\"rs-18\" data-title=\"Slide\" data-anim=\"ms:1000;r:0;\" data-in=\"o:0;\" data-out=\"a:false;\">\n\t\t\t\t\t\t\t<img decoding=\"async\" src=\"\/\/www.asigest.com\/wp-content\/plugins\/revslider\/public\/assets\/assets\/dummy.png\" alt=\"Slide\" title=\"Contacto\" class=\"rev-slidebg tp-rs-img rs-lazyload\" data-lazyload=\"\/\/www.asigest.com\/wp-content\/plugins\/revslider\/public\/assets\/assets\/transparent.png\" data-no-retina>\n<!--\n\t\t\t\t\t\t\t--><rs-layer\n\t\t\t\t\t\t\t\tid=\"slider-10-slide-18-layer-1\" \n\t\t\t\t\t\t\t\tdata-type=\"shape\"\n\t\t\t\t\t\t\t\tdata-rsp_ch=\"on\"\n\t\t\t\t\t\t\t\tdata-xy=\"x:-1px;y:-2px;\"\n\t\t\t\t\t\t\t\tdata-text=\"w:normal;ls:0px;\"\n\t\t\t\t\t\t\t\tdata-dim=\"w:1927px;h:726px;\"\n\t\t\t\t\t\t\t\tdata-frame_999=\"o:0;st:w;\"\n\t\t\t\t\t\t\t\tstyle=\"z-index:10;background-color:rgba(0,0,0,0.25);\"\n\t\t\t\t\t\t\t> \n\t\t\t\t\t\t\t<\/rs-layer><!--\n\n\t\t\t\t\t\t\t--><rs-layer\n\t\t\t\t\t\t\t\tid=\"slider-10-slide-18-layer-4\" \n\t\t\t\t\t\t\t\tdata-type=\"text\"\n\t\t\t\t\t\t\t\tdata-color=\"#ffffff\"\n\t\t\t\t\t\t\t\tdata-rsp_ch=\"on\"\n\t\t\t\t\t\t\t\tdata-xy=\"x:503px;y:206px;\"\n\t\t\t\t\t\t\t\tdata-text=\"w:normal;s:60;l:60;ls:3px;fw:500;\"\n\t\t\t\t\t\t\t\tdata-dim=\"w:501px;h:120px;minh:0px;\"\n\t\t\t\t\t\t\t\tdata-frame_999=\"o:0;st:w;\"\n\t\t\t\t\t\t\t\tstyle=\"z-index:11;font-family:'Montserrat';\"\n\t\t\t\t\t\t\t>CONTACTO \n\t\t\t\t\t\t\t<\/rs-layer><!--\n\n\t\t\t\t\t\t\t--><rs-layer\n\t\t\t\t\t\t\t\tid=\"slider-10-slide-18-layer-5\" \n\t\t\t\t\t\t\t\tdata-type=\"shape\"\n\t\t\t\t\t\t\t\tdata-rsp_ch=\"on\"\n\t\t\t\t\t\t\t\tdata-xy=\"x:486px;y:201px;\"\n\t\t\t\t\t\t\t\tdata-text=\"w:normal;\"\n\t\t\t\t\t\t\t\tdata-dim=\"w:10px;h:105px;\"\n\t\t\t\t\t\t\t\tdata-frame_999=\"o:0;st:w;\"\n\t\t\t\t\t\t\t\tstyle=\"z-index:12;background-color:#ff3a2d;\"\n\t\t\t\t\t\t\t> \n\t\t\t\t\t\t\t<\/rs-layer><!--\n\n\t\t\t\t\t\t\t--><rs-layer\n\t\t\t\t\t\t\t\tid=\"slider-10-slide-18-layer-6\" \n\t\t\t\t\t\t\t\tdata-type=\"image\"\n\t\t\t\t\t\t\t\tdata-rsp_ch=\"on\"\n\t\t\t\t\t\t\t\tdata-xy=\"x:-42px;y:-818px;\"\n\t\t\t\t\t\t\t\tdata-text=\"w:normal;\"\n\t\t\t\t\t\t\t\tdata-dim=\"w:1956px;h:1304px;\"\n\t\t\t\t\t\t\t\tdata-frame_999=\"o:0;st:w;\"\n\t\t\t\t\t\t\t\tstyle=\"z-index:9;\"\n\t\t\t\t\t\t\t><img decoding=\"async\" src=\"\/\/www.asigest.com\/wp-content\/plugins\/revslider\/public\/assets\/assets\/dummy.png\" alt=\"\" class=\"tp-rs-img rs-lazyload\" width=\"2560\" height=\"1707\" data-lazyload=\"\/\/www.asigest.com\/wp-content\/uploads\/2020\/08\/8651-1-scaled.jpg\" data-no-retina> \n\t\t\t\t\t\t\t<\/rs-layer><!--\n-->\t\t\t\t\t\t<\/rs-slide>\n\t\t\t\t\t<\/rs-slides>\n\t\t\t\t<\/rs-module>\n\t\t\t\t<script>\n\t\t\t\t\tsetREVStartSize({c: 'rev_slider_10_1',rl:[1240,1024,778,480],el:[400],gw:[1920],gh:[400],type:'hero',justify:'',layout:'fullwidth',mh:\"0\"});if (window.RS_MODULES!==undefined && window.RS_MODULES.modules!==undefined && window.RS_MODULES.modules[\"revslider101\"]!==undefined) {window.RS_MODULES.modules[\"revslider101\"].once = false;window.revapi10 = undefined;if (window.RS_MODULES.checkMinimal!==undefined) window.RS_MODULES.checkMinimal()}\n\t\t\t\t<\/script>\n\t\t\t<\/rs-module-wrap>\n\t\t\t<!-- END REVOLUTION SLIDER -->\n<div class=\"vc_empty_space\"   style=\"height: 8.12rem\"><span class=\"vc_empty_space_inner\"><\/span><\/div><\/div><\/div><\/div><\/div><div class=\"vc_row wpb_row vc_row-fluid\"><div class=\"wpb_column vc_column_container vc_col-sm-4 sc_layouts_column_icons_position_left\"><div class=\"vc_column-inner\"><div class=\"wpb_wrapper\"><div id=\"sc_icons_838346289\" \r\n\tclass=\"sc_icons sc_icons_default sc_icons_size_medium sc_align_center\"><div class=\"sc_icons_item sc_icons_item_linked\"><div id=\"sc_icons_838346289_fa fa-phone\" class=\"sc_icons_icon sc_icon_type_fontawesome fa fa-phone\"\r\n\t\t\t\t\t\t style=\"color: #dd4b4b\"\t\t\t\t\t\t><span class=\"sc_icon_type_fontawesome fa fa-phone\" style=\"color: #dd4b4b\"><\/span><\/div><h4 class=\"sc_icons_item_title\"><span>937 349 920<\/span><\/h4><div class=\"sc_icons_item_description\"><span>Estamos disponibles<\/span><\/div><a href=\"tel: 34937349920\" class=\"sc_icons_item_link\"><\/a><\/div><div class=\"sc_icons_item\"><\/div><\/div><!-- \/.sc_icons --><div class=\"vc_empty_space  height_tiny\"   style=\"height: 18px\"><span class=\"vc_empty_space_inner\"><\/span><\/div><div id=\"sc_icons_1182979807\" \r\n\tclass=\"sc_icons sc_icons_default sc_icons_size_medium sc_align_center\"><div class=\"sc_icons_item sc_icons_item_linked\"><div id=\"sc_icons_1182979807_icon-thumbs-up-light\" class=\"sc_icons_icon sc_icon_type_fontawesome icon-thumbs-up-light\"\r\n\t\t\t\t\t\t style=\"color: #dd4b4b\"\t\t\t\t\t\t><span class=\"sc_icon_type_fontawesome icon-thumbs-up-light\" style=\"color: #dd4b4b\"><\/span><\/div><h4 class=\"sc_icons_item_title\"><span>S\u00edguenos !<\/span><\/h4><div class=\"sc_icons_item_description\"><span>En Redes Sociales<\/span><\/div><a href=\"#\" class=\"sc_icons_item_link\"><\/a><\/div><div class=\"sc_icons_item\"><\/div><\/div><!-- \/.sc_icons --><\/div><\/div><\/div><div class=\"wpb_column vc_column_container vc_col-sm-4 sc_layouts_column_icons_position_left\"><div class=\"vc_column-inner\"><div class=\"wpb_wrapper\"><div id=\"sc_icons_1808237716\" \r\n\tclass=\"sc_icons sc_icons_default sc_icons_size_medium sc_align_center\"><div class=\"sc_icons_item sc_icons_item_linked\"><div id=\"sc_icons_1808237716_icon-mail\" class=\"sc_icons_icon sc_icon_type_fontawesome icon-mail\"\r\n\t\t\t\t\t\t style=\"color: #dd4b4b\"\t\t\t\t\t\t><span class=\"sc_icon_type_fontawesome icon-mail\" style=\"color: #dd4b4b\"><\/span><\/div><h4 class=\"sc_icons_item_title\"><span>asigest@asigest.com<\/span><\/h4><div class=\"sc_icons_item_description\"><span>Resolvemos tus dudas<\/span><\/div><a href=\"mailto:asigest@asigest.com\" class=\"sc_icons_item_link\"><\/a><\/div><div class=\"sc_icons_item\"><\/div><\/div><!-- \/.sc_icons --><div class=\"vc_empty_space  height_tiny\"   style=\"height: 18px\"><span class=\"vc_empty_space_inner\"><\/span><\/div><div id=\"sc_icons_1787079629\" \r\n\tclass=\"sc_icons sc_icons_default sc_icons_size_medium sc_align_center\"><div class=\"sc_icons_item sc_icons_item_linked\"><div id=\"sc_icons_1787079629_icon-location-light\" class=\"sc_icons_icon sc_icon_type_fontawesome icon-location-light\"\r\n\t\t\t\t\t\t style=\"color: #dd4b4b\"\t\t\t\t\t\t><span class=\"sc_icon_type_fontawesome icon-location-light\" style=\"color: #dd4b4b\"><\/span><\/div><h4 class=\"sc_icons_item_title\"><span>En nuestras Oficinas<\/span><\/h4><div class=\"sc_icons_item_description\"><span>Nos encontrar\u00e1s en Terrassa o L'Hospitalet<\/span><\/div><a href=\"#sc_googlemap_2070847395_wrap\" class=\"sc_icons_item_link\"><\/a><\/div><div class=\"sc_icons_item\"><\/div><\/div><!-- \/.sc_icons --><\/div><\/div><\/div><div class=\"wpb_column vc_column_container vc_col-sm-4 sc_layouts_column_icons_position_left\"><div class=\"vc_column-inner\"><div class=\"wpb_wrapper\"><div id=\"sc_icons_1778629987\" \r\n\tclass=\"sc_icons sc_icons_default sc_icons_size_medium sc_align_center\"><div class=\"sc_icons_item sc_icons_item_linked\"><div id=\"sc_icons_1778629987_fa fa-whatsapp\" class=\"sc_icons_icon sc_icon_type_fontawesome fa fa-whatsapp\"\r\n\t\t\t\t\t\t style=\"color: #dd4b4b\"\t\t\t\t\t\t><span class=\"sc_icon_type_fontawesome fa fa-whatsapp\" style=\"color: #dd4b4b\"><\/span><\/div><h4 class=\"sc_icons_item_title\"><span>Whatsapp<\/span><\/h4><div class=\"sc_icons_item_description\"><span>Rapido y efectivo tambi\u00e9n por Whatsapp<\/span><\/div><a href=\"https:\/\/wa.me\/34646158058\" class=\"sc_icons_item_link\"><\/a><\/div><div class=\"sc_icons_item\"><\/div><\/div><!-- \/.sc_icons --><div class=\"vc_empty_space  height_tiny\"   style=\"height: 18px\"><span class=\"vc_empty_space_inner\"><\/span><\/div><div id=\"sc_icons_897649473\" \r\n\tclass=\"sc_icons sc_icons_default sc_icons_size_medium sc_align_center\"><div class=\"sc_icons_item sc_icons_item_linked\"><div id=\"sc_icons_897649473_fa fa-pencil-square-o\" class=\"sc_icons_icon sc_icon_type_fontawesome fa fa-pencil-square-o\"\r\n\t\t\t\t\t\t style=\"color: #dd4b4b\"\t\t\t\t\t\t><span class=\"sc_icon_type_fontawesome fa fa-pencil-square-o\" style=\"color: #dd4b4b\"><\/span><\/div><h4 class=\"sc_icons_item_title\"><span>Formulario<\/span><\/h4><div class=\"sc_icons_item_description\"><span>Escr\u00edbenos a trav\u00e9s del formulario<\/span><\/div><a href=\"#message\" class=\"sc_icons_item_link\"><\/a><\/div><div class=\"sc_icons_item\"><\/div><\/div><!-- \/.sc_icons --><\/div><\/div><\/div><\/div><div class=\"vc_row wpb_row vc_row-fluid\"><div class=\"wpb_column vc_column_container vc_col-sm-12 sc_layouts_column_icons_position_left\"><div class=\"vc_column-inner\"><div class=\"wpb_wrapper\"><div class=\"vc_empty_space\"   style=\"height: 60px\"><span class=\"vc_empty_space_inner\"><\/span><\/div><\/div><\/div><\/div><\/div><div data-vc-full-width=\"true\" data-vc-full-width-init=\"false\" data-vc-stretch-content=\"true\" class=\"vc_row wpb_row vc_row-fluid vc_custom_1482160228532 vc_row-has-fill vc_row-no-padding\"><div class=\"wpb_column vc_column_container vc_col-sm-12 sc_layouts_column_icons_position_left\"><div class=\"vc_column-inner\"><div class=\"wpb_wrapper\"><div class=\"vc_empty_space  height_large\"   style=\"height: 32px\"><span class=\"vc_empty_space_inner\"><\/span><\/div><\/div><\/div><\/div><\/div><div class=\"vc_row-full-width vc_clearfix\"><\/div><div data-vc-full-width=\"true\" data-vc-full-width-init=\"false\" class=\"vc_row wpb_row vc_row-fluid vc_custom_1596708399503 vc_row-has-fill\"><div class=\"wpb_column vc_column_container vc_col-sm-6 sc_layouts_column_icons_position_left\"><div class=\"vc_column-inner\"><div class=\"wpb_wrapper\"><div id=\"sc_title_1385552899\"\r\n\t\tclass=\"sc_title sc_title_default\"><h5 class=\"sc_item_title sc_title_title sc_align_left sc_item_title_style_default sc_item_title_tag\">Oficina Terrassa<\/h5><\/div><!-- \/.sc_title -->\n\t<div class=\"wpb_text_column wpb_content_element  vc_custom_1602063189868\" >\n\t\t<div class=\"wpb_wrapper\">\n\t\t\t<p><span class=\"trx_addons_accentmargin\">Direcci\u00f3n:<\/span> Avinguda Jaume I, 330 Terrassa<br \/>\n<span class=\"trx_addons_accentmargin\">Tel\u00e9fono:<\/span> <a href=\"tel: 34937349920\">+34 937 349 920<\/a><br \/>\n<span class=\"trx_addons_accentmargin\">Email:<\/span> \u00a0\u00a0 <a href=\"mailto:info@asigest.com\">info@asigest.com<\/a><\/p>\n\n\t\t<\/div>\n\t<\/div>\n<div class=\"vc_empty_space  height_tiny\"   style=\"height: 18px\"><span class=\"vc_empty_space_inner\"><\/span><\/div><div id=\"sc_googlemap_275778580_wrap\" class=\"sc_googlemap_wrap\"><div id=\"sc_googlemap_275778580\"\r\n\t\t\tclass=\"sc_googlemap sc_googlemap_default\"\r\n\t\t\t style=\"width:70%;height:350px;\"\t\t\tdata-zoom=\"14\"\r\n\t\t\tdata-style=\"greyscale\"\r\n\t\t\t><iframe\r\n                    src=\"https:\/\/maps.google.com\/maps?t=m&output=embed&iwloc=near&z=14&q=Avinguda+Jaume+I+330+Terrassa\"\r\n                    scrolling=\"no\"\r\n                    marginheight=\"0\"\r\n                    marginwidth=\"0\"\r\n                    frameborder=\"0\"\r\n                    aria-label=\"Oficines Centrals\"><\/iframe><\/div><\/div><!-- \/.sc_googlemap_wrap --><div class=\"vc_empty_space  height_tiny\"   style=\"height: 18px\"><span class=\"vc_empty_space_inner\"><\/span><\/div><\/div><\/div><\/div><div class=\"wpb_column vc_column_container vc_col-sm-6 sc_layouts_column_icons_position_left\"><div class=\"vc_column-inner\"><div class=\"wpb_wrapper\"><div id=\"sc_title_106729822\"\r\n\t\tclass=\"sc_title sc_title_default\"><h5 class=\"sc_item_title sc_title_title sc_align_left sc_item_title_style_default sc_item_title_tag\">Oficina Hospitalet<\/h5><\/div><!-- \/.sc_title -->\n\t<div class=\"wpb_text_column wpb_content_element  vc_custom_1602063160157\" >\n\t\t<div class=\"wpb_wrapper\">\n\t\t\t<p><span class=\"trx_addons_accentmargin\">Direcci\u00f3n:<\/span> Avinguda Masnou, 58 L&#8217;Hospitalet<br \/>\n<span class=\"trx_addons_accentmargin\">Tel\u00e9fono:<\/span> <a href=\"tel: 34933386566\">+34 933 386 566<\/a><br \/>\n<span class=\"trx_addons_accentmargin\">Email:<\/span> \u00a0\u00a0 <a href=\"mailto:info@asigest.com\">info@asigest.com<\/a><\/p>\n\n\t\t<\/div>\n\t<\/div>\n<div class=\"vc_empty_space  height_tiny\"   style=\"height: 18px\"><span class=\"vc_empty_space_inner\"><\/span><\/div><div id=\"sc_googlemap_1011800318_wrap\" class=\"sc_googlemap_wrap\"><div id=\"sc_googlemap_1011800318\"\r\n\t\t\tclass=\"sc_googlemap sc_googlemap_default\"\r\n\t\t\t style=\"width:70%;height:350px;\"\t\t\tdata-zoom=\"14\"\r\n\t\t\tdata-style=\"greyscale\"\r\n\t\t\t><iframe\r\n                    src=\"https:\/\/maps.google.com\/maps?t=m&output=embed&iwloc=near&z=14&q=Avinguda+Masnou+58%2C+L%27Hospitalet+del+Llobregat\"\r\n                    scrolling=\"no\"\r\n                    marginheight=\"0\"\r\n                    marginwidth=\"0\"\r\n                    frameborder=\"0\"\r\n                    aria-label=\"Oficines Hospitalet\"><\/iframe><\/div><\/div><!-- \/.sc_googlemap_wrap --><div class=\"vc_empty_space  height_tiny\"   style=\"height: 18px\"><span class=\"vc_empty_space_inner\"><\/span><\/div><\/div><\/div><\/div><\/div><div class=\"vc_row-full-width vc_clearfix\"><\/div><div class=\"vc_row wpb_row vc_row-fluid\"><div class=\"wpb_column vc_column_container vc_col-sm-3 sc_layouts_column_icons_position_left\"><div class=\"vc_column-inner\"><div class=\"wpb_wrapper\"><\/div><\/div><\/div><div class=\"wpb_column vc_column_container vc_col-sm-6 sc_layouts_column_icons_position_left\"><div class=\"vc_column-inner\"><div class=\"wpb_wrapper\"><div class=\"vc_empty_space  vc_custom_1484299110101 height_huge\"   style=\"height: 32px\"><span class=\"vc_empty_space_inner\"><\/span><\/div><a id=\"sc_anchor_message\" class=\"sc_anchor sc_anchor_default\" \r\n\t\ttitle=\"\" \r\n\t\tdata-icon=\"\" \r\n\t\tdata-url=\"\"\r\n><\/a><div id=\"sc_title_1501121468\"\r\n\t\tclass=\"sc_title sc_title_default  vc_custom_1594982158911\"><h6 class=\"sc_item_subtitle sc_title_subtitle sc_align_center sc_item_title_style_default\">\u00bf Que podemos hacer por t\u00ed ?<\/h6><h3 class=\"sc_item_title sc_title_title sc_align_center sc_item_title_style_default\">Contacta con nosotros<\/h3><\/div><!-- \/.sc_title -->\n<div class=\"wpcf7 no-js\" id=\"wpcf7-f4-o1\" lang=\"en-US\" dir=\"ltr\">\n<div class=\"screen-reader-response\"><p role=\"status\" aria-live=\"polite\" aria-atomic=\"true\"><\/p> <ul><\/ul><\/div>\n<form action=\"\/es\/wp-json\/wp\/v2\/pages\/36#wpcf7-f4-o1\" method=\"post\" class=\"wpcf7-form init\" aria-label=\"Contact form\" novalidate=\"novalidate\" data-status=\"init\" data-trp-original-action=\"\/es\/wp-json\/wp\/v2\/pages\/36#wpcf7-f4-o1\">\n<div style=\"display: none;\">\n<input type=\"hidden\" name=\"_wpcf7\" value=\"4\" \/>\n<input type=\"hidden\" name=\"_wpcf7_version\" value=\"5.9.6\" \/>\n<input type=\"hidden\" name=\"_wpcf7_locale\" value=\"en_US\" \/>\n<input type=\"hidden\" name=\"_wpcf7_unit_tag\" value=\"wpcf7-f4-o1\" \/>\n<input type=\"hidden\" name=\"_wpcf7_container_post\" value=\"0\" \/>\n<input type=\"hidden\" name=\"_wpcf7_posted_data_hash\" value=\"\" \/>\n<\/div>\n<div class=\"flex\">\n\t<div class='itm row' >\n\t\t<p><span class=\"wpcf7-form-control-wrap\" data-name=\"your-name\"><input size=\"40\" maxlength=\"80\" class=\"wpcf7-form-control wpcf7-text wpcf7-validates-as-required\" aria-required=\"true\" aria-invalid=\"false\" placeholder=\"Nombre*\" value=\"\" type=\"text\" name=\"your-name\" \/><\/span>\n\t\t<\/p>\n\t<\/div>\n\t<div class='itm row' >\n\t\t<p><span class=\"wpcf7-form-control-wrap\" data-name=\"your-phone\"><input size=\"40\" maxlength=\"80\" class=\"wpcf7-form-control wpcf7-text wpcf7-validates-as-required\" aria-required=\"true\" aria-invalid=\"false\" placeholder=\"Tel\u00e9fono*\" value=\"\" type=\"text\" name=\"your-phone\" \/><\/span>\n\t\t<\/p>\n\t<\/div>\n\t<div class='itm row'>\n\t\t<p><span class=\"wpcf7-form-control-wrap\" data-name=\"your-email\"><input size=\"40\" maxlength=\"80\" class=\"wpcf7-form-control wpcf7-text wpcf7-validates-as-required\" aria-required=\"true\" aria-invalid=\"false\" placeholder=\"Correo electr\u00f3nico*\" value=\"\" type=\"text\" name=\"your-email\" \/><\/span>\n\t\t<\/p>\n\t<\/div>\n<\/div>\n<div class=''>\n\t<p><span class=\"wpcf7-form-control-wrap\" data-name=\"your-message\"><textarea cols=\"40\" rows=\"10\" maxlength=\"400\" class=\"wpcf7-form-control wpcf7-textarea wpcf7-validates-as-required\" aria-required=\"true\" aria-invalid=\"false\" placeholder=\"Mensaje*\" name=\"your-message\"><\/textarea><\/span>\n\t<\/p>\n<\/div>\n<div>\n\t<p><span class=\"wpcf7-form-control-wrap\" data-name=\"acceptance-157\"><span class=\"wpcf7-form-control wpcf7-acceptance\"><span class=\"wpcf7-list-item\"><label><input type=\"checkbox\" name=\"acceptance-157\" value=\"1\" aria-invalid=\"false\" \/><span class=\"wpcf7-list-item-label\">He leido y acepto la <a href:'politica-privacitat'>Politica de Privacidad<\/a><\/span><\/label><\/span><\/span><\/span>\n\t<\/p>\n\t<div>\n\t\t<div class=\"sc_form_field sc_form_field_button sc_form_field_submit\">\n\t\t\t<p>[wpgdprc \"Al usar este formulario accedes al almacenamiento y gesti\u00f3n de tus datos por parte de esta web.\"]\n\t\t\t<\/p>\n\t\t\t<p><input class=\"wpcf7-form-control wpcf7-submit has-spinner\" type=\"submit\" value=\"Enviar Mensaje\" \/>\n\t\t\t<\/p>\n\t\t<\/div>\n\t<\/div>\n<\/div><div class=\"wpcf7-response-output\" aria-hidden=\"true\"><\/div>\n<input type=\"hidden\" name=\"trp-form-language\" value=\"es\"\/><\/form>\n<\/div>\n<div class=\"vc_empty_space  vc_custom_1484300974006 height_huge\"   style=\"height: 32px\"><span class=\"vc_empty_space_inner\"><\/span><\/div><\/div><\/div><\/div><div class=\"wpb_column vc_column_container vc_col-sm-3 sc_layouts_column_icons_position_left\"><div class=\"vc_column-inner\"><div class=\"wpb_wrapper\"><\/div><\/div><\/div><\/div>\n<\/section>","protected":false},"excerpt":{"rendered":"CONTACTE 937 349 920Estem disponibles per tuSegueix-nos !A les Xarxes Socialsasigest@asigest.comResolem tots els teus dubtesA les nostres OficinesEns pots trobar a Terrassa o L&#039;HospitaletWhatsappR\u00e0pid i efectiu tamb\u00e9 per WhatsappFormulariEscriu-nos a trav\u00e9s del formulariOficina Terrassa Adre\u00e7a: Avinguda Jaume I, 330 Terrassa Tel\u00e8fon: +34 937 349 920 Email: \u00a0\u00a0 info@asigest.com Oficina Hospitalet Adre\u00e7a: Avinguda Masnou, 58 L'Hospitalet Tel\u00e8fon: +34 933 386 566&hellip;","protected":false},"author":1,"featured_media":0,"parent":0,"menu_order":0,"comment_status":"closed","ping_status":"closed","template":"","meta":{"_acf_changed":false,"footnotes":""},"acf":[],"yoast_head":"<!-- This site is optimized with the Yoast SEO plugin v22.9 - https:\/\/yoast.com\/wordpress\/plugins\/seo\/ -->\n<title>Contacte - ASIGEST - Assesorament i Gesti\u00f3 Empresarial<\/title>\n<meta name=\"robots\" content=\"index, follow, max-snippet:-1, max-image-preview:large, max-video-preview:-1\" \/>\n<link rel=\"canonical\" href=\"https:\/\/www.asigest.com\/es\/contacte\/\" \/>\n<meta property=\"og:locale\" content=\"es_ES\" \/>\n<meta property=\"og:type\" content=\"article\" \/>\n<meta property=\"og:title\" content=\"Contacte - ASIGEST - Assesorament i Gesti\u00f3 Empresarial\" \/>\n<meta property=\"og:url\" content=\"https:\/\/www.asigest.com\/es\/contacte\/\" \/>\n<meta property=\"og:site_name\" content=\"ASIGEST - Assesorament i Gesti\u00f3 Empresarial\" \/>\n<meta property=\"article:modified_time\" content=\"2021-06-02T22:22:10+00:00\" \/>\n<meta name=\"twitter:card\" content=\"summary_large_image\" \/>\n<meta name=\"twitter:label1\" content=\"Tiempo de lectura\" \/>\n\t<meta name=\"twitter:data1\" content=\"2 minutos\" \/>\n<script type=\"application\/ld+json\" class=\"yoast-schema-graph\">{\"@context\":\"https:\/\/schema.org\",\"@graph\":[{\"@type\":\"WebPage\",\"@id\":\"https:\/\/www.asigest.com\/es\/contacte\/\",\"url\":\"https:\/\/www.asigest.com\/es\/contacte\/\",\"name\":\"Contacte - ASIGEST - Assesorament i Gesti\u00f3 Empresarial\",\"isPartOf\":{\"@id\":\"https:\/\/www.asigest.com\/#website\"},\"datePublished\":\"2016-12-12T10:37:19+00:00\",\"dateModified\":\"2021-06-02T22:22:10+00:00\",\"breadcrumb\":{\"@id\":\"https:\/\/www.asigest.com\/es\/contacte\/#breadcrumb\"},\"inLanguage\":\"es\",\"potentialAction\":[{\"@type\":\"ReadAction\",\"target\":[\"https:\/\/www.asigest.com\/es\/contacte\/\"]}]},{\"@type\":\"BreadcrumbList\",\"@id\":\"https:\/\/www.asigest.com\/es\/contacte\/#breadcrumb\",\"itemListElement\":[{\"@type\":\"ListItem\",\"position\":1,\"name\":\"Portada\",\"item\":\"https:\/\/www.asigest.com\/\"},{\"@type\":\"ListItem\",\"position\":2,\"name\":\"Contacte\"}]},{\"@type\":\"WebSite\",\"@id\":\"https:\/\/www.asigest.com\/#website\",\"url\":\"https:\/\/www.asigest.com\/\",\"name\":\"ASIGEST - Assesorament i Gesti\u00f3 Empresarial\",\"description\":\"Especialistas en Laboral, Fiscal, Contabilidad, Jur\u00eddico, Mercantil, Protecci\u00f3n de datos y Seguros - \u260e  937 34 99 20 - \u00a1Cont\u00e1ctanos!\",\"publisher\":{\"@id\":\"https:\/\/www.asigest.com\/#organization\"},\"potentialAction\":[{\"@type\":\"SearchAction\",\"target\":{\"@type\":\"EntryPoint\",\"urlTemplate\":\"https:\/\/www.asigest.com\/?s={search_term_string}\"},\"query-input\":\"required name=search_term_string\"}],\"inLanguage\":\"es\"},{\"@type\":\"Organization\",\"@id\":\"https:\/\/www.asigest.com\/#organization\",\"name\":\"Asigest\",\"url\":\"https:\/\/www.asigest.com\/\",\"logo\":{\"@type\":\"ImageObject\",\"inLanguage\":\"es\",\"@id\":\"https:\/\/www.asigest.com\/#\/schema\/logo\/image\/\",\"url\":\"https:\/\/www.asigest.com\/wp-content\/uploads\/2020\/06\/FIRMA-GESTORIA-e1591338948806.jpg\",\"contentUrl\":\"https:\/\/www.asigest.com\/wp-content\/uploads\/2020\/06\/FIRMA-GESTORIA-e1591338948806.jpg\",\"width\":139,\"height\":149,\"caption\":\"Asigest\"},\"image\":{\"@id\":\"https:\/\/www.asigest.com\/#\/schema\/logo\/image\/\"}}]}<\/script>\n<!-- \/ Yoast SEO plugin. -->","yoast_head_json":{"title":"Contacte - ASIGEST - Assesorament i Gesti\u00f3 Empresarial","robots":{"index":"index","follow":"follow","max-snippet":"max-snippet:-1","max-image-preview":"max-image-preview:large","max-video-preview":"max-video-preview:-1"},"canonical":"https:\/\/www.asigest.com\/es\/contacte\/","og_locale":"es_ES","og_type":"article","og_title":"Contacte - ASIGEST - Assesorament i Gesti\u00f3 Empresarial","og_url":"https:\/\/www.asigest.com\/es\/contacte\/","og_site_name":"ASIGEST - Assesorament i Gesti\u00f3 Empresarial","article_modified_time":"2021-06-02T22:22:10+00:00","twitter_card":"summary_large_image","twitter_misc":{"Tiempo de lectura":"2 minutos"},"schema":{"@context":"https:\/\/schema.org","@graph":[{"@type":"WebPage","@id":"https:\/\/www.asigest.com\/es\/contacte\/","url":"https:\/\/www.asigest.com\/es\/contacte\/","name":"Contacte - ASIGEST - Assesorament i Gesti\u00f3 Empresarial","isPartOf":{"@id":"https:\/\/www.asigest.com\/#website"},"datePublished":"2016-12-12T10:37:19+00:00","dateModified":"2021-06-02T22:22:10+00:00","breadcrumb":{"@id":"https:\/\/www.asigest.com\/es\/contacte\/#breadcrumb"},"inLanguage":"es","potentialAction":[{"@type":"ReadAction","target":["https:\/\/www.asigest.com\/es\/contacte\/"]}]},{"@type":"BreadcrumbList","@id":"https:\/\/www.asigest.com\/es\/contacte\/#breadcrumb","itemListElement":[{"@type":"ListItem","position":1,"name":"Portada","item":"https:\/\/www.asigest.com\/"},{"@type":"ListItem","position":2,"name":"Contacte"}]},{"@type":"WebSite","@id":"https:\/\/www.asigest.com\/#website","url":"https:\/\/www.asigest.com\/","name":"ASIGEST - Assesorament i Gesti\u00f3 Empresarial","description":"Especialistas en Laboral, Fiscal, Contabilidad, Jur\u00eddico, Mercantil, Protecci\u00f3n de datos y Seguros - \u260e  937 34 99 20 - \u00a1Cont\u00e1ctanos!","publisher":{"@id":"https:\/\/www.asigest.com\/#organization"},"potentialAction":[{"@type":"SearchAction","target":{"@type":"EntryPoint","urlTemplate":"https:\/\/www.asigest.com\/?s={search_term_string}"},"query-input":"required name=search_term_string"}],"inLanguage":"es"},{"@type":"Organization","@id":"https:\/\/www.asigest.com\/#organization","name":"Asigest","url":"https:\/\/www.asigest.com\/","logo":{"@type":"ImageObject","inLanguage":"es","@id":"https:\/\/www.asigest.com\/#\/schema\/logo\/image\/","url":"https:\/\/www.asigest.com\/wp-content\/uploads\/2020\/06\/FIRMA-GESTORIA-e1591338948806.jpg","contentUrl":"https:\/\/www.asigest.com\/wp-content\/uploads\/2020\/06\/FIRMA-GESTORIA-e1591338948806.jpg","width":139,"height":149,"caption":"Asigest"},"image":{"@id":"https:\/\/www.asigest.com\/#\/schema\/logo\/image\/"}}]}},"_links":{"self":[{"href":"https:\/\/www.asigest.com\/es\/wp-json\/wp\/v2\/pages\/36"}],"collection":[{"href":"https:\/\/www.asigest.com\/es\/wp-json\/wp\/v2\/pages"}],"about":[{"href":"https:\/\/www.asigest.com\/es\/wp-json\/wp\/v2\/types\/page"}],"author":[{"embeddable":true,"href":"https:\/\/www.asigest.com\/es\/wp-json\/wp\/v2\/users\/1"}],"replies":[{"embeddable":true,"href":"https:\/\/www.asigest.com\/es\/wp-json\/wp\/v2\/comments?post=36"}],"version-history":[{"count":3,"href":"https:\/\/www.asigest.com\/es\/wp-json\/wp\/v2\/pages\/36\/revisions"}],"predecessor-version":[{"id":1697,"href":"https:\/\/www.asigest.com\/es\/wp-json\/wp\/v2\/pages\/36\/revisions\/1697"}],"wp:attachment":[{"href":"https:\/\/www.asigest.com\/es\/wp-json\/wp\/v2\/media?parent=36"}],"curies":[{"name":"wp","href":"https:\/\/api.w.org\/{rel}","templated":true}]}}