{"id":41,"date":"2016-12-12T10:39:44","date_gmt":"2016-12-12T10:39:44","guid":{"rendered":"http:\/\/wizors.ancorathemes.com\/?page_id=41"},"modified":"2023-01-19T18:22:53","modified_gmt":"2023-01-19T18:22:53","slug":"serveis","status":"publish","type":"page","link":"https:\/\/www.asigest.com\/es\/serveis\/","title":{"rendered":"Servicios"},"content":{"rendered":"<section class=\"wpb-content-wrapper\"><div class=\"vc_row wpb_row vc_row-fluid\"><div class=\"wpb_column vc_column_container vc_col-sm-12 sc_layouts_column_icons_position_left\"><div class=\"vc_column-inner\"><div class=\"wpb_wrapper\">\n\t\t\t<!-- START 8 Serveis REVOLUTION SLIDER 6.6.8 --><p class=\"rs-p-wp-fix\"><\/p>\n\t\t\t<rs-module-wrap id=\"rev_slider_8_1_wrapper\" data-source=\"gallery\" style=\"visibility:hidden;background:transparent;padding:0;margin:0px auto;margin-top:0;margin-bottom:0;\">\n\t\t\t\t<rs-module id=\"rev_slider_8_1\" style=\"\" data-version=\"6.6.8\">\n\t\t\t\t\t<rs-slides style=\"overflow: hidden; position: absolute;\">\n\t\t\t\t\t\t<rs-slide style=\"position: absolute;\" data-key=\"rs-16\" data-title=\"Slide\" data-anim=\"ms:1000;r:0;\" data-in=\"o:0;\" data-out=\"a:false;\">\n\t\t\t\t\t\t\t<img decoding=\"async\" src=\"\/\/www.asigest.com\/wp-content\/plugins\/revslider\/public\/assets\/assets\/dummy.png\" alt=\"Slide\" title=\"Servicios\" class=\"rev-slidebg tp-rs-img rs-lazyload\" data-lazyload=\"\/\/www.asigest.com\/wp-content\/plugins\/revslider\/public\/assets\/assets\/transparent.png\" data-no-retina>\n<!--\n\t\t\t\t\t\t\t--><rs-layer\n\t\t\t\t\t\t\t\tid=\"slider-8-slide-16-layer-1\" \n\t\t\t\t\t\t\t\tdata-type=\"shape\"\n\t\t\t\t\t\t\t\tdata-rsp_ch=\"on\"\n\t\t\t\t\t\t\t\tdata-xy=\"x:-1px;y:-2px;\"\n\t\t\t\t\t\t\t\tdata-text=\"w:normal;ls:0px;\"\n\t\t\t\t\t\t\t\tdata-dim=\"w:1927px;h:726px;\"\n\t\t\t\t\t\t\t\tdata-frame_999=\"o:0;st:w;\"\n\t\t\t\t\t\t\t\tstyle=\"z-index:11;background-color:rgba(0,0,0,0.12);\"\n\t\t\t\t\t\t\t> \n\t\t\t\t\t\t\t<\/rs-layer><!--\n\n\t\t\t\t\t\t\t--><rs-layer\n\t\t\t\t\t\t\t\tid=\"slider-8-slide-16-layer-2\" \n\t\t\t\t\t\t\t\tdata-type=\"image\"\n\t\t\t\t\t\t\t\tdata-rsp_ch=\"on\"\n\t\t\t\t\t\t\t\tdata-xy=\"x:c;y:b;\"\n\t\t\t\t\t\t\t\tdata-text=\"w:normal;\"\n\t\t\t\t\t\t\t\tdata-dim=\"w:100%;h:810px;\"\n\t\t\t\t\t\t\t\tdata-basealign=\"slide\"\n\t\t\t\t\t\t\t\tdata-frame_999=\"o:0;st:w;\"\n\t\t\t\t\t\t\t\tstyle=\"z-index:9;\"\n\t\t\t\t\t\t\t><img decoding=\"async\" src=\"\/\/www.asigest.com\/wp-content\/plugins\/revslider\/public\/assets\/assets\/dummy.png\" alt=\"\" class=\"tp-rs-img rs-lazyload\" width=\"1920\" height=\"773\" data-lazyload=\"\/\/www.asigest.com\/wp-content\/uploads\/revslider\/slider-3\/video1.jpg\" data-c=\"fullwidth\" data-no-retina> \n\t\t\t\t\t\t\t<\/rs-layer><!--\n\n\t\t\t\t\t\t\t--><rs-layer\n\t\t\t\t\t\t\t\tid=\"slider-8-slide-16-layer-4\" \n\t\t\t\t\t\t\t\tdata-type=\"text\"\n\t\t\t\t\t\t\t\tdata-color=\"#ffffff\"\n\t\t\t\t\t\t\t\tdata-rsp_ch=\"on\"\n\t\t\t\t\t\t\t\tdata-xy=\"x:503px;y:206px;\"\n\t\t\t\t\t\t\t\tdata-text=\"w:normal;s:60;l:60;ls:3px;fw:500;\"\n\t\t\t\t\t\t\t\tdata-dim=\"w:409px;h:74px;minh:0px;\"\n\t\t\t\t\t\t\t\tdata-frame_999=\"o:0;st:w;\"\n\t\t\t\t\t\t\t\tstyle=\"z-index:12;font-family:'Montserrat';\"\n\t\t\t\t\t\t\t>SERVICIOS \n\t\t\t\t\t\t\t<\/rs-layer><!--\n\n\t\t\t\t\t\t\t--><rs-layer\n\t\t\t\t\t\t\t\tid=\"slider-8-slide-16-layer-5\" \n\t\t\t\t\t\t\t\tdata-type=\"shape\"\n\t\t\t\t\t\t\t\tdata-rsp_ch=\"on\"\n\t\t\t\t\t\t\t\tdata-xy=\"x:486px;y:201px;\"\n\t\t\t\t\t\t\t\tdata-text=\"w:normal;\"\n\t\t\t\t\t\t\t\tdata-dim=\"w:10px;h:105px;\"\n\t\t\t\t\t\t\t\tdata-frame_999=\"o:0;st:w;\"\n\t\t\t\t\t\t\t\tstyle=\"z-index:13;background-color:#ff3a2d;\"\n\t\t\t\t\t\t\t> \n\t\t\t\t\t\t\t<\/rs-layer><!--\n-->\t\t\t\t\t\t<\/rs-slide>\n\t\t\t\t\t<\/rs-slides>\n\t\t\t\t<\/rs-module>\n\t\t\t\t<script>\n\t\t\t\t\tsetREVStartSize({c: 'rev_slider_8_1',rl:[1240,1024,778,480],el:[400],gw:[1920],gh:[400],type:'hero',justify:'',layout:'fullwidth',mh:\"0\"});if (window.RS_MODULES!==undefined && window.RS_MODULES.modules!==undefined && window.RS_MODULES.modules[\"revslider81\"]!==undefined) {window.RS_MODULES.modules[\"revslider81\"].once = false;window.revapi8 = undefined;if (window.RS_MODULES.checkMinimal!==undefined) window.RS_MODULES.checkMinimal()}\n\t\t\t\t<\/script>\n\t\t\t<\/rs-module-wrap>\n\t\t\t<!-- END REVOLUTION SLIDER -->\n<div class=\"vc_empty_space\"   style=\"height: 8.12rem\"><span class=\"vc_empty_space_inner\"><\/span><\/div><div class=\"vc_row wpb_row vc_inner vc_row-fluid\"><div class=\"wpb_column vc_column_container vc_col-sm-5 sc_layouts_column_icons_position_left\"><div class=\"vc_column-inner vc_custom_1484817310897\"><div class=\"wpb_wrapper\"><div id=\"sc_title_699274526\"\r\n\t\tclass=\"sc_title sc_title_default\"><h6 class=\"sc_item_subtitle sc_title_subtitle sc_align_default sc_item_title_style_default\">Que podemos hacer por t\u00ed?<\/h6><h3 class=\"sc_item_title sc_title_title sc_align_default sc_item_title_style_default\">Nuestra Experiencia a Tu Servicio<\/h3><\/div><!-- \/.sc_title --><div class=\"vc_empty_space  vc_custom_1484817189204 height_medium\"   style=\"height: 32px\"><span class=\"vc_empty_space_inner\"><\/span><\/div>\n\t<div class=\"wpb_text_column wpb_content_element\" >\n\t\t<div class=\"wpb_wrapper\">\n\t\t\t<p>Con m\u00e1s de 25 a\u00f1os de experiencia, ejercicio profesional y buena reputaci\u00f3n, desde R3J Asigest asesoramos a nuestros clientes en un abanico muy amplio de tr\u00e1mites y gestiones, dando todo tipo de cobertura<\/p>\n<p>Nuestra misi\u00f3n se basa en ofrecer un servicio completo de m\u00e1xima calidad y que se adapte a las necesidades y conveniencias de nuestros clientes.<\/p>\n\n\t\t<\/div>\n\t<\/div>\n<div class=\"vc_empty_space  vc_custom_1484817189204 height_medium\"   style=\"height: 32px\"><span class=\"vc_empty_space_inner\"><\/span><\/div><div class=\"sc_item_button sc_button_wrap\"><a href=\"https:\/\/www.asigest.com\/es\/empresa\/\" id=\"sc_button_59437001\" class=\"sc_button sc_button_dark_button sc_button_size_small sc_button_icon_left\"><span class=\"sc_button_text\"><span class=\"sc_button_title\">Leer m\u00e1s<\/span><\/span><!-- \/.sc_button_text --><\/a><!-- \/.sc_button --><\/div><!-- \/.sc_item_button --><\/div><\/div><\/div><div class=\"wpb_column vc_column_container vc_col-sm-6 sc_layouts_column_icons_position_left\"><div class=\"vc_column-inner vc_custom_1484818170855\"><div class=\"wpb_wrapper\">\n\t<div  class=\"wpb_single_image wpb_content_element vc_align_right\">\n\t\t\n\t\t<figure class=\"wpb_wrapper vc_figure\">\n\t\t\t<div class=\"vc_single_image-wrapper   vc_box_border_grey\"><img loading=\"lazy\" decoding=\"async\" width=\"2560\" height=\"1707\" src=\"https:\/\/www.asigest.com\/wp-content\/uploads\/2020\/07\/O6X5CP0-scaled.jpg\" class=\"vc_single_image-img attachment-full\" alt=\"\" title=\"Teamwork\" srcset=\"https:\/\/www.asigest.com\/wp-content\/uploads\/2020\/07\/O6X5CP0-scaled.jpg 2560w, https:\/\/www.asigest.com\/wp-content\/uploads\/2020\/07\/O6X5CP0-300x200.jpg 300w, https:\/\/www.asigest.com\/wp-content\/uploads\/2020\/07\/O6X5CP0-1024x683.jpg 1024w, https:\/\/www.asigest.com\/wp-content\/uploads\/2020\/07\/O6X5CP0-768x512.jpg 768w, https:\/\/www.asigest.com\/wp-content\/uploads\/2020\/07\/O6X5CP0-1536x1024.jpg 1536w, https:\/\/www.asigest.com\/wp-content\/uploads\/2020\/07\/O6X5CP0-2048x1365.jpg 2048w, https:\/\/www.asigest.com\/wp-content\/uploads\/2020\/07\/O6X5CP0-370x247.jpg 370w, https:\/\/www.asigest.com\/wp-content\/uploads\/2020\/07\/O6X5CP0-760x507.jpg 760w\" sizes=\"(max-width: 2560px) 100vw, 2560px\" \/><\/div>\n\t\t<\/figure>\n\t<\/div>\n<\/div><\/div><\/div><div class=\"wpb_column vc_column_container vc_col-sm-1 sc_layouts_column_icons_position_left\"><div class=\"vc_column-inner\"><div class=\"wpb_wrapper\"><\/div><\/div><\/div><\/div><div class=\"vc_empty_space\"   style=\"height: 8.12rem\"><span class=\"vc_empty_space_inner\"><\/span><\/div><\/div><\/div><\/div><\/div><div data-vc-full-width=\"true\" data-vc-full-width-init=\"false\" class=\"vc_row wpb_row vc_row-fluid vc_custom_1602113737023 vc_row-has-fill\"><div class=\"wpb_column vc_column_container vc_col-sm-12 sc_layouts_column_icons_position_left\"><div class=\"vc_column-inner\"><div class=\"wpb_wrapper\"><div class=\"vc_empty_space  vc_custom_1485180818338 height_huge\"   style=\"height: 32px\"><span class=\"vc_empty_space_inner\"><\/span><\/div><div id=\"sc_title_372961492\"\r\n\t\tclass=\"scheme_dark sc_title sc_title_default\"><h6 class=\"sc_item_subtitle sc_title_subtitle sc_align_center sc_item_title_style_default\">Grupo ASIGEST<\/h6><h3 class=\"sc_item_title sc_title_title sc_align_center sc_item_title_style_default\">Servicios Profesionales<\/h3><\/div><!-- \/.sc_title --><div class=\"vc_empty_space  vc_custom_1485252260310 height_medium\"   style=\"height: 32px\"><span class=\"vc_empty_space_inner\"><\/span><\/div><div class=\"sc_team sc_team_default\" data-slides-per-view=\"3\" data-slides-min-width=\"150\"\t\t>\r\n\t\t<div class=\"sc_team_columns sc_item_columns trx_addons_columns_wrap columns_padding_bottom\"><div class=\"trx_addons_column-1_3\"><div class=\"sc_team_item\">\r\n\t<div class=\"post_featured with_thumb hover_dots sc_team_item_thumb\"><img loading=\"lazy\" decoding=\"async\" width=\"555\" height=\"603\" src=\"https:\/\/www.asigest.com\/wp-content\/uploads\/2016\/12\/empresa-555x603.jpg\" class=\"attachment-wizors_investments-thumb-med size-wizors_investments-thumb-med wp-post-image\" alt=\"Empresa\" \/><div class=\"mask\"><\/div><a href=\"https:\/\/www.asigest.com\/es\/team\/empresa\/\" aria-hidden=\"true\" class=\"icons\"><span><\/span><span><\/span><span><\/span><\/a><\/div>\t<div class=\"sc_team_item_info\">\r\n\t\t<div class=\"sc_team_item_header\">\r\n\t\t\t<h4 class=\"sc_team_item_title\"><a href=\"https:\/\/www.asigest.com\/es\/team\/empresa\/\">Empresa<\/a><\/h4>\r\n\t\t\t<div class=\"sc_team_item_subtitle\"><\/div>\r\n\t\t<\/div>\r\n\t\t<div class=\"sc_team_item_content\"><p>Constituci\u00f3n de Sociedades<br \/>\nContabilidad<br \/>\nGesti\u00f3n Laboral<br \/>\nAsesoramiento Societario<br \/>\nConcurso Acreedores<br \/>\nSeguros Generales<\/p>\n<\/div>\r\n\t\t\t\t<div class=\"sc_team_item_button\"><a href=\"https:\/\/www.asigest.com\/es\/team\/empresa\/\" class=\"sc_button sc_button_simple\">Learn more<\/a><\/div>\r\n\t<\/div>\r\n<\/div>\r\n<\/div><div class=\"trx_addons_column-1_3\"><div class=\"sc_team_item\">\r\n\t<div class=\"post_featured with_thumb hover_dots sc_team_item_thumb\"><img loading=\"lazy\" decoding=\"async\" width=\"555\" height=\"603\" src=\"https:\/\/www.asigest.com\/wp-content\/uploads\/2016\/12\/autonomo-555x603.jpg\" class=\"attachment-wizors_investments-thumb-med size-wizors_investments-thumb-med wp-post-image\" alt=\"Aut\u00f2noms\" \/><div class=\"mask\"><\/div><a href=\"https:\/\/www.asigest.com\/es\/team\/autonoms\/\" aria-hidden=\"true\" class=\"icons\"><span><\/span><span><\/span><span><\/span><\/a><\/div>\t<div class=\"sc_team_item_info\">\r\n\t\t<div class=\"sc_team_item_header\">\r\n\t\t\t<h4 class=\"sc_team_item_title\"><a href=\"https:\/\/www.asigest.com\/es\/team\/autonoms\/\">Aut\u00f3nomos<\/a><\/h4>\r\n\t\t\t<div class=\"sc_team_item_subtitle\"><\/div>\r\n\t\t<\/div>\r\n\t\t<div class=\"sc_team_item_content\"><p>Alta Aut\u00f3nomo<br \/>\nBajas Aut\u00f3nomos<br \/>\nFacturaci\u00f3n<br \/>\nContabilidad<br \/>\nGesti\u00f3n Laboral<br \/>\nSeguros Generales<\/p>\n<\/div>\r\n\t\t\t\t<div class=\"sc_team_item_button\"><a href=\"https:\/\/www.asigest.com\/es\/team\/autonoms\/\" class=\"sc_button sc_button_simple\">Learn more<\/a><\/div>\r\n\t<\/div>\r\n<\/div>\r\n<\/div><div class=\"trx_addons_column-1_3\"><div class=\"sc_team_item\">\r\n\t<div class=\"post_featured with_thumb hover_dots sc_team_item_thumb\"><img loading=\"lazy\" decoding=\"async\" width=\"555\" height=\"603\" src=\"https:\/\/www.asigest.com\/wp-content\/uploads\/2016\/12\/particular-555x603.jpg\" class=\"attachment-wizors_investments-thumb-med size-wizors_investments-thumb-med wp-post-image\" alt=\"Particulars\" \/><div class=\"mask\"><\/div><a href=\"https:\/\/www.asigest.com\/es\/team\/particulars\/\" aria-hidden=\"true\" class=\"icons\"><span><\/span><span><\/span><span><\/span><\/a><\/div>\t<div class=\"sc_team_item_info\">\r\n\t\t<div class=\"sc_team_item_header\">\r\n\t\t\t<h4 class=\"sc_team_item_title\"><a href=\"https:\/\/www.asigest.com\/es\/team\/particulars\/\">Particulares<\/a><\/h4>\r\n\t\t\t<div class=\"sc_team_item_subtitle\"><\/div>\r\n\t\t<\/div>\r\n\t\t<div class=\"sc_team_item_content\"><p>Declaraci\u00f3n de la Renta<br \/>\nDeclaraci\u00f3n de Patrimonio<br \/>\nHerencias<br \/>\nPrestaciones Seguridad Social<br \/>\nPrestaciones Paro<br \/>\nSeguros Generales<\/p>\n<\/div>\r\n\t\t\t\t<div class=\"sc_team_item_button\"><a href=\"https:\/\/www.asigest.com\/es\/team\/particulars\/\" class=\"sc_button sc_button_simple\">Learn more<\/a><\/div>\r\n\t<\/div>\r\n<\/div>\r\n<\/div><\/div><\/div><!-- \/.sc_team --><div class=\"vc_empty_space  vc_custom_1485252373838 height_huge\"   style=\"height: 32px\"><span class=\"vc_empty_space_inner\"><\/span><\/div><\/div><\/div><\/div><\/div><div class=\"vc_row-full-width vc_clearfix\"><\/div><div class=\"vc_row wpb_row vc_row-fluid\"><div class=\"wpb_column vc_column_container vc_col-sm-12 sc_layouts_column_icons_position_left\"><div class=\"vc_column-inner\"><div class=\"wpb_wrapper\"><div class=\"sc_layouts sc_layouts_default sc_layouts_842\"><div data-vc-full-width=\"true\" data-vc-full-width-init=\"false\" class=\"vc_row wpb_row vc_row-fluid vc_custom_1674148229582 vc_row-has-fill scheme_dark\"><div class=\"wpb_column vc_column_container vc_col-sm-12 sc_layouts_column_icons_position_left\"><div class=\"vc_column-inner\"><div class=\"wpb_wrapper\"><div class=\"vc_row wpb_row vc_inner vc_row-fluid\"><div class=\"wpb_column vc_column_container vc_col-sm-8 sc_layouts_column_icons_position_left\"><div class=\"vc_column-inner\"><div class=\"wpb_wrapper\"><div class=\"vc_empty_space\"   style=\"height: 6.34rem\"><span class=\"vc_empty_space_inner\"><\/span><\/div><div class=\"sc_layouts_item\"><div id=\"sc_title_238528901\"\r\n\t\tclass=\"scheme_dark sc_title sc_title_default\"><h3 class=\"sc_item_title sc_title_title sc_align_default sc_item_title_style_default\">\u00bfQuieres m\u00e1s informaci\u00f3n?<\/h3><\/div><!-- \/.sc_title --><\/div><div class=\"vc_empty_space  height_small\"   style=\"height: 32px\"><span class=\"vc_empty_space_inner\"><\/span><\/div>\n\t<div class=\"wpb_text_column wpb_content_element\" >\n\t\t<div class=\"wpb_wrapper\">\n\t\t\t\n\t\t<\/div>\n\t<\/div>\n<\/div><\/div><\/div><div class=\"wpb_column vc_column_container vc_col-sm-4 sc_layouts_column_icons_position_left\"><div class=\"vc_column-inner\"><div class=\"wpb_wrapper\"><div class=\"vc_empty_space  vc_custom_1602109034446\"   style=\"height: 7rem\"><span class=\"vc_empty_space_inner\"><\/span><\/div><div class=\"sc_layouts_item\"><div class=\"sc_item_button sc_button_wrap\"><a href=\"https:\/\/www.asigest.com\/es\/contacte\/\" id=\"sc_button_2110984621\" class=\"sc_button sc_button_dark_button .scheme_dark .sc_button_hover_slide_left { background: linear-gradient(to right, rgba(14,13,18,0) 50%,#444 50%) no-repeat scroll right bottom \/ 210% 100% rgba(14,13,18,0) !important; } sc_button_size_large sc_button_icon_left\"><span class=\"sc_button_text\"><span class=\"sc_button_title\">\u00a1Contacta ahora!<\/span><\/span><!-- \/.sc_button_text --><\/a><!-- \/.sc_button --><\/div><!-- \/.sc_item_button --><\/div><div class=\"vc_empty_space\"   style=\"height: 7.1rem\"><span class=\"vc_empty_space_inner\"><\/span><\/div><\/div><\/div><\/div><\/div><\/div><\/div><\/div><\/div><div class=\"vc_row-full-width vc_clearfix\"><\/div><\/div><\/div><\/div><\/div><\/div><div class=\"vc_row wpb_row vc_row-fluid\"><div class=\"wpb_column vc_column_container vc_col-sm-12 sc_layouts_column_icons_position_left\"><div class=\"vc_column-inner\"><div class=\"wpb_wrapper\"><\/div><\/div><\/div><\/div>\n<\/section>","protected":false},"excerpt":{"rendered":"Declaraci\u00f3 de la Renda Declaraci\u00f3 de Patrimoni Her\u00e8ncies Prestacions Seguretat Social Prestacions Atur Assegurances Generals","protected":false},"author":1,"featured_media":0,"parent":0,"menu_order":0,"comment_status":"closed","ping_status":"closed","template":"","meta":{"_acf_changed":false,"footnotes":""},"acf":[],"yoast_head":"<!-- This site is optimized with the Yoast SEO plugin v22.9 - https:\/\/yoast.com\/wordpress\/plugins\/seo\/ -->\n<title>Serveis - ASIGEST - Assesorament i Gesti\u00f3 Empresarial<\/title>\n<meta name=\"robots\" content=\"index, follow, max-snippet:-1, max-image-preview:large, max-video-preview:-1\" \/>\n<link rel=\"canonical\" href=\"https:\/\/www.asigest.com\/es\/serveis\/\" \/>\n<meta property=\"og:locale\" content=\"es_ES\" \/>\n<meta property=\"og:type\" content=\"article\" \/>\n<meta property=\"og:title\" content=\"Serveis - ASIGEST - Assesorament i Gesti\u00f3 Empresarial\" \/>\n<meta property=\"og:url\" content=\"https:\/\/www.asigest.com\/es\/serveis\/\" \/>\n<meta property=\"og:site_name\" content=\"ASIGEST - Assesorament i Gesti\u00f3 Empresarial\" \/>\n<meta property=\"article:modified_time\" content=\"2023-01-19T18:22:53+00:00\" \/>\n<meta name=\"twitter:card\" content=\"summary_large_image\" \/>\n<meta name=\"twitter:label1\" content=\"Tiempo de lectura\" \/>\n\t<meta name=\"twitter:data1\" content=\"1 minuto\" \/>\n<script type=\"application\/ld+json\" class=\"yoast-schema-graph\">{\"@context\":\"https:\/\/schema.org\",\"@graph\":[{\"@type\":\"WebPage\",\"@id\":\"https:\/\/www.asigest.com\/serveis\/\",\"url\":\"https:\/\/www.asigest.com\/serveis\/\",\"name\":\"Serveis - ASIGEST - Assesorament i Gesti\u00f3 Empresarial\",\"isPartOf\":{\"@id\":\"https:\/\/www.asigest.com\/#website\"},\"datePublished\":\"2016-12-12T10:39:44+00:00\",\"dateModified\":\"2023-01-19T18:22:53+00:00\",\"breadcrumb\":{\"@id\":\"https:\/\/www.asigest.com\/serveis\/#breadcrumb\"},\"inLanguage\":\"es\",\"potentialAction\":[{\"@type\":\"ReadAction\",\"target\":[\"https:\/\/www.asigest.com\/serveis\/\"]}]},{\"@type\":\"BreadcrumbList\",\"@id\":\"https:\/\/www.asigest.com\/serveis\/#breadcrumb\",\"itemListElement\":[{\"@type\":\"ListItem\",\"position\":1,\"name\":\"Portada\",\"item\":\"https:\/\/www.asigest.com\/\"},{\"@type\":\"ListItem\",\"position\":2,\"name\":\"Serveis\"}]},{\"@type\":\"WebSite\",\"@id\":\"https:\/\/www.asigest.com\/#website\",\"url\":\"https:\/\/www.asigest.com\/\",\"name\":\"ASIGEST - Assesorament i Gesti\u00f3 Empresarial\",\"description\":\"Especialistas en Laboral, Fiscal, Contabilidad, Jur\u00eddico, Mercantil, Protecci\u00f3n de datos y Seguros - \u260e  937 34 99 20 - \u00a1Cont\u00e1ctanos!\",\"publisher\":{\"@id\":\"https:\/\/www.asigest.com\/#organization\"},\"potentialAction\":[{\"@type\":\"SearchAction\",\"target\":{\"@type\":\"EntryPoint\",\"urlTemplate\":\"https:\/\/www.asigest.com\/?s={search_term_string}\"},\"query-input\":\"required name=search_term_string\"}],\"inLanguage\":\"es\"},{\"@type\":\"Organization\",\"@id\":\"https:\/\/www.asigest.com\/#organization\",\"name\":\"Asigest\",\"url\":\"https:\/\/www.asigest.com\/\",\"logo\":{\"@type\":\"ImageObject\",\"inLanguage\":\"es\",\"@id\":\"https:\/\/www.asigest.com\/#\/schema\/logo\/image\/\",\"url\":\"https:\/\/www.asigest.com\/wp-content\/uploads\/2020\/06\/FIRMA-GESTORIA-e1591338948806.jpg\",\"contentUrl\":\"https:\/\/www.asigest.com\/wp-content\/uploads\/2020\/06\/FIRMA-GESTORIA-e1591338948806.jpg\",\"width\":139,\"height\":149,\"caption\":\"Asigest\"},\"image\":{\"@id\":\"https:\/\/www.asigest.com\/#\/schema\/logo\/image\/\"}}]}<\/script>\n<!-- \/ Yoast SEO plugin. -->","yoast_head_json":{"title":"Serveis - ASIGEST - Assesorament i Gesti\u00f3 Empresarial","robots":{"index":"index","follow":"follow","max-snippet":"max-snippet:-1","max-image-preview":"max-image-preview:large","max-video-preview":"max-video-preview:-1"},"canonical":"https:\/\/www.asigest.com\/es\/serveis\/","og_locale":"es_ES","og_type":"article","og_title":"Serveis - ASIGEST - Assesorament i Gesti\u00f3 Empresarial","og_url":"https:\/\/www.asigest.com\/es\/serveis\/","og_site_name":"ASIGEST - Assesorament i Gesti\u00f3 Empresarial","article_modified_time":"2023-01-19T18:22:53+00:00","twitter_card":"summary_large_image","twitter_misc":{"Tiempo de lectura":"1 minuto"},"schema":{"@context":"https:\/\/schema.org","@graph":[{"@type":"WebPage","@id":"https:\/\/www.asigest.com\/serveis\/","url":"https:\/\/www.asigest.com\/serveis\/","name":"Serveis - ASIGEST - Assesorament i Gesti\u00f3 Empresarial","isPartOf":{"@id":"https:\/\/www.asigest.com\/#website"},"datePublished":"2016-12-12T10:39:44+00:00","dateModified":"2023-01-19T18:22:53+00:00","breadcrumb":{"@id":"https:\/\/www.asigest.com\/serveis\/#breadcrumb"},"inLanguage":"es","potentialAction":[{"@type":"ReadAction","target":["https:\/\/www.asigest.com\/serveis\/"]}]},{"@type":"BreadcrumbList","@id":"https:\/\/www.asigest.com\/serveis\/#breadcrumb","itemListElement":[{"@type":"ListItem","position":1,"name":"Portada","item":"https:\/\/www.asigest.com\/"},{"@type":"ListItem","position":2,"name":"Serveis"}]},{"@type":"WebSite","@id":"https:\/\/www.asigest.com\/#website","url":"https:\/\/www.asigest.com\/","name":"ASIGEST - Assesorament i Gesti\u00f3 Empresarial","description":"Especialistas en Laboral, Fiscal, Contabilidad, Jur\u00eddico, Mercantil, Protecci\u00f3n de datos y Seguros - \u260e  937 34 99 20 - \u00a1Cont\u00e1ctanos!","publisher":{"@id":"https:\/\/www.asigest.com\/#organization"},"potentialAction":[{"@type":"SearchAction","target":{"@type":"EntryPoint","urlTemplate":"https:\/\/www.asigest.com\/?s={search_term_string}"},"query-input":"required name=search_term_string"}],"inLanguage":"es"},{"@type":"Organization","@id":"https:\/\/www.asigest.com\/#organization","name":"Asigest","url":"https:\/\/www.asigest.com\/","logo":{"@type":"ImageObject","inLanguage":"es","@id":"https:\/\/www.asigest.com\/#\/schema\/logo\/image\/","url":"https:\/\/www.asigest.com\/wp-content\/uploads\/2020\/06\/FIRMA-GESTORIA-e1591338948806.jpg","contentUrl":"https:\/\/www.asigest.com\/wp-content\/uploads\/2020\/06\/FIRMA-GESTORIA-e1591338948806.jpg","width":139,"height":149,"caption":"Asigest"},"image":{"@id":"https:\/\/www.asigest.com\/#\/schema\/logo\/image\/"}}]}},"_links":{"self":[{"href":"https:\/\/www.asigest.com\/es\/wp-json\/wp\/v2\/pages\/41"}],"collection":[{"href":"https:\/\/www.asigest.com\/es\/wp-json\/wp\/v2\/pages"}],"about":[{"href":"https:\/\/www.asigest.com\/es\/wp-json\/wp\/v2\/types\/page"}],"author":[{"embeddable":true,"href":"https:\/\/www.asigest.com\/es\/wp-json\/wp\/v2\/users\/1"}],"replies":[{"embeddable":true,"href":"https:\/\/www.asigest.com\/es\/wp-json\/wp\/v2\/comments?post=41"}],"version-history":[{"count":7,"href":"https:\/\/www.asigest.com\/es\/wp-json\/wp\/v2\/pages\/41\/revisions"}],"predecessor-version":[{"id":1877,"href":"https:\/\/www.asigest.com\/es\/wp-json\/wp\/v2\/pages\/41\/revisions\/1877"}],"wp:attachment":[{"href":"https:\/\/www.asigest.com\/es\/wp-json\/wp\/v2\/media?parent=41"}],"curies":[{"name":"wp","href":"https:\/\/api.w.org\/{rel}","templated":true}]}}